{"id":10358,"date":"2024-08-04T15:02:19","date_gmt":"2024-08-04T15:02:19","guid":{"rendered":"http:\/\/cuddly-toy-robbers.de\/?page_id=10358"},"modified":"2026-04-26T07:59:36","modified_gmt":"2026-04-26T07:59:36","slug":"wurfplanung-paige","status":"publish","type":"page","link":"http:\/\/cuddly-toy-robbers.de\/?page_id=10358","title":{"rendered":"Wurfplanung Frieda"},"content":{"rendered":"\n<p class=\"has-text-align-center has-medium-font-size\">Unseren n\u00e4chsten Wurf planen wir im Fr\u00fchherbst 2026 mit Frieda.<\/p>\n\n\n<div class=\"wp-block-image\">\n<figure class=\"aligncenter size-medium\"><img loading=\"lazy\" decoding=\"async\" width=\"300\" height=\"223\" src=\"http:\/\/cuddly-toy-robbers.de\/wp-content\/uploads\/2026\/03\/20250128_113056-300x223.jpg\" alt=\"\" class=\"wp-image-10720\" srcset=\"http:\/\/cuddly-toy-robbers.de\/wp-content\/uploads\/2026\/03\/20250128_113056-300x223.jpg 300w, http:\/\/cuddly-toy-robbers.de\/wp-content\/uploads\/2026\/03\/20250128_113056.jpg 600w\" sizes=\"auto, (max-width: 300px) 100vw, 300px\" \/><\/figure>\n<\/div>\n\n\n<p class=\"has-text-align-center\">Alle die sich f\u00fcr einen Welpen interessieren, laden wir gerne zu einem pers\u00f6nlichen und unverbindlichen Besuch bei uns zu Hause ein.<\/p>\n\n\n\n<p class=\"has-text-align-center\"><em>Unsere Welpen sind 8 Wochen bei uns und werden im Haus gro\u00dfgezogen. Es ist f\u00fcr uns eine Selbstverst\u00e4ndlichkeit, dass die ganze Familie auf die Welpenzeit eingestellt ist. Die Welpen sowie die erwachsenen Vierbeiner geh\u00f6ren zur Familie. Nat\u00fcrlich erleben die Kleinen viele allt\u00e4gliche Dinge von klein auf, die ihnen sp\u00e4ter n\u00fctzlich sein werden. Nat\u00fcrlich werden sie auch erforschen d\u00fcrfen, was die Natur so zu bieten hat.<\/em><\/p>\n\n\n\n<p class=\"has-text-align-center\"><em>Alle zuk\u00fcnftigen Hunde-Besitzer d\u00fcrfen die Welpen&nbsp;6 Wochen nach der Geburt besuchen<\/em>.<\/p>\n\n\n\n<p class=\"has-text-align-center\"><em>Die ersten Wochen soll die Mutterh\u00fcndin viel Ruhe haben, denn sie bringt mit dem S\u00e4ubern und S\u00e4ugen der Welpen Tag und Nacht eine enorme Leistung. Sie will auch ihre Welpen besch\u00fctzen und braucht keine Beunruhigung.<\/em><\/p>\n","protected":false},"excerpt":{"rendered":"<p>Unseren n\u00e4chsten Wurf planen wir im Fr\u00fchherbst 2026 mit Frieda. Alle die sich f\u00fcr einen Welpen interessieren, laden wir gerne zu einem pers\u00f6nlichen und unverbindlichen Besuch bei uns zu Hause ein. Unsere Welpen sind 8 Wochen bei uns und werden &hellip; <a href=\"http:\/\/cuddly-toy-robbers.de\/?page_id=10358\">Weiterlesen <span class=\"meta-nav\">&rarr;<\/span><\/a><\/p>\n","protected":false},"author":2,"featured_media":0,"parent":0,"menu_order":3,"comment_status":"closed","ping_status":"closed","template":"","meta":{"footnotes":""},"class_list":["post-10358","page","type-page","status-publish","hentry"],"_links":{"self":[{"href":"http:\/\/cuddly-toy-robbers.de\/index.php?rest_route=\/wp\/v2\/pages\/10358","targetHints":{"allow":["GET"]}}],"collection":[{"href":"http:\/\/cuddly-toy-robbers.de\/index.php?rest_route=\/wp\/v2\/pages"}],"about":[{"href":"http:\/\/cuddly-toy-robbers.de\/index.php?rest_route=\/wp\/v2\/types\/page"}],"author":[{"embeddable":true,"href":"http:\/\/cuddly-toy-robbers.de\/index.php?rest_route=\/wp\/v2\/users\/2"}],"replies":[{"embeddable":true,"href":"http:\/\/cuddly-toy-robbers.de\/index.php?rest_route=%2Fwp%2Fv2%2Fcomments&post=10358"}],"version-history":[{"count":32,"href":"http:\/\/cuddly-toy-robbers.de\/index.php?rest_route=\/wp\/v2\/pages\/10358\/revisions"}],"predecessor-version":[{"id":10729,"href":"http:\/\/cuddly-toy-robbers.de\/index.php?rest_route=\/wp\/v2\/pages\/10358\/revisions\/10729"}],"wp:attachment":[{"href":"http:\/\/cuddly-toy-robbers.de\/index.php?rest_route=%2Fwp%2Fv2%2Fmedia&parent=10358"}],"curies":[{"name":"wp","href":"https:\/\/api.w.org\/{rel}","templated":true}]}}