{"id":10497,"date":"2025-06-01T15:02:18","date_gmt":"2025-06-01T15:02:18","guid":{"rendered":"http:\/\/cuddly-toy-robbers.de\/?page_id=10497"},"modified":"2025-08-06T13:23:28","modified_gmt":"2025-08-06T13:23:28","slug":"frieda","status":"publish","type":"page","link":"http:\/\/cuddly-toy-robbers.de\/?page_id=10497","title":{"rendered":"Frieda"},"content":{"rendered":"\n<p class=\"has-text-align-center has-medium-font-size\"><strong><em>Cupido cute Frieda of Cuddly-Toy Robbers<\/em><\/strong><\/p>\n\n\n\n<p class=\"has-text-align-center has-medium-font-size\"><em>&#8222;Frieda&#8220;<\/em><\/p>\n\n\n\n<p class=\"has-text-align-center has-medium-font-size\"><em>*28.03.2023<\/em><\/p>\n\n\n\n<p class=\"has-text-align-center\"><em>5. Generation<\/em><\/p>\n\n\n\n<figure class=\"wp-block-image size-full\"><img loading=\"lazy\" decoding=\"async\" width=\"600\" height=\"317\" src=\"http:\/\/cuddly-toy-robbers.de\/wp-content\/uploads\/2025\/06\/20250402_121222.jpg\" alt=\"\" class=\"wp-image-10498\" srcset=\"http:\/\/cuddly-toy-robbers.de\/wp-content\/uploads\/2025\/06\/20250402_121222.jpg 600w, http:\/\/cuddly-toy-robbers.de\/wp-content\/uploads\/2025\/06\/20250402_121222-300x159.jpg 300w\" sizes=\"auto, (max-width: 600px) 100vw, 600px\" \/><\/figure>\n\n\n\n<p class=\"has-text-align-center has-medium-font-size\"><strong><em>\u00dcber Frieda:<\/em><\/strong><\/p>\n\n\n\n<p class=\"has-text-align-center\"><em>Ganz ungeplant hat sie sich in unser Herz geschlichen. Mit 5 Wochen reagierte sie, mit Wonne, auf ihren Namen. Da musste sie einfach bei uns bleiben und wir haben es keine Minute bereut.<\/em><\/p>\n\n\n\n<p class=\"has-text-align-center has-medium-font-size\"><strong>Frieda&#8217;s Daten:<\/strong><\/p>\n\n\n\n<p class=\"has-text-align-center\"><em>HD: B1\/B1<\/em><\/p>\n\n\n\n<p class=\"has-text-align-center\"><em>ED: frei\/frei<\/em><\/p>\n\n\n\n<p class=\"has-text-align-center\"><em>Augen frei am 25.03.2025<\/em><\/p>\n\n\n\n<p class=\"has-text-align-center\"><em>GR-PRA1: frei, GR-PRA2: frei, prcd-Pra frei<\/em>, <em>NCL5 frei<\/em><\/p>\n\n\n\n<p class=\"has-text-align-center has-medium-font-size\"><strong><em>Pr\u00fcfungen:<\/em><\/strong><\/p>\n\n\n\n<p class=\"has-text-align-center\"><em><strong>Wesenstest bestanden<\/strong><\/em><\/p>\n\n\n\n<p class=\"has-text-align-center\"><em>Die 2 Jahre und 4 Monate alte H\u00fcndin zeigt sich Menschen gegen\u00fcber neutral, n\u00e4hert sich aber an. Sie zeigt mittleres Temperament im gesamten Test. Im Parcours ist sie an den Reizen wenig interessiert.<\/em><\/p>\n\n\n\n<p class=\"has-text-align-center\"><strong><em>Formwert: Vorz\u00fcglich<\/em><\/strong><\/p>\n\n\n\n<p class=\"has-text-align-center\"><em>2 Jahre harmonisch aufgebaute H\u00fcndin, Typ. Kopf, viel Ausstrahlung, in allen Teilen korrekt, vorz\u00fcgl. Knochenst\u00e4rke, vorz\u00fcgl. Pfoten, kraftvolles Gangwerk, guter Schub, freundliches Verhalten, gepflegtes Haarkleid.<\/em><\/p>\n\n\n\n<p class=\"has-text-align-center\"><strong><em><a href=\"http:\/\/www.k9data.com\/pedigree.asp?ID=1372336\" data-type=\"link\" data-id=\"http:\/\/www.k9data.com\/pedigree.asp?ID=1372336\" target=\"_blank\" rel=\"noreferrer noopener\">Frieda&#8217;s Pedigree<\/a><\/em><\/strong><\/p>\n\n\n\n<figure class=\"wp-block-gallery has-nested-images columns-default is-cropped wp-block-gallery-1 is-layout-flex wp-block-gallery-is-layout-flex\">\n<figure class=\"wp-block-image size-large is-style-rounded\"><img loading=\"lazy\" decoding=\"async\" width=\"600\" height=\"279\" data-id=\"10510\" src=\"http:\/\/cuddly-toy-robbers.de\/wp-content\/uploads\/2025\/06\/IMG-20240812-WA0049.jpg\" alt=\"\" class=\"wp-image-10510\" srcset=\"http:\/\/cuddly-toy-robbers.de\/wp-content\/uploads\/2025\/06\/IMG-20240812-WA0049.jpg 600w, http:\/\/cuddly-toy-robbers.de\/wp-content\/uploads\/2025\/06\/IMG-20240812-WA0049-300x140.jpg 300w\" sizes=\"auto, (max-width: 600px) 100vw, 600px\" \/><\/figure>\n\n\n\n<figure class=\"wp-block-image size-large is-style-rounded\"><img loading=\"lazy\" decoding=\"async\" width=\"600\" height=\"450\" data-id=\"10509\" src=\"http:\/\/cuddly-toy-robbers.de\/wp-content\/uploads\/2025\/06\/IMG-20240812-WA0048.jpg\" alt=\"\" class=\"wp-image-10509\" srcset=\"http:\/\/cuddly-toy-robbers.de\/wp-content\/uploads\/2025\/06\/IMG-20240812-WA0048.jpg 600w, http:\/\/cuddly-toy-robbers.de\/wp-content\/uploads\/2025\/06\/IMG-20240812-WA0048-300x225.jpg 300w\" sizes=\"auto, (max-width: 600px) 100vw, 600px\" \/><\/figure>\n\n\n\n<figure class=\"wp-block-image size-large is-style-rounded\"><img loading=\"lazy\" decoding=\"async\" width=\"600\" height=\"309\" data-id=\"10508\" src=\"http:\/\/cuddly-toy-robbers.de\/wp-content\/uploads\/2025\/06\/IMG-20240812-WA0035.jpg\" alt=\"Frieda hat Spa\u00df im Wasser\" class=\"wp-image-10508\" srcset=\"http:\/\/cuddly-toy-robbers.de\/wp-content\/uploads\/2025\/06\/IMG-20240812-WA0035.jpg 600w, http:\/\/cuddly-toy-robbers.de\/wp-content\/uploads\/2025\/06\/IMG-20240812-WA0035-300x155.jpg 300w\" sizes=\"auto, (max-width: 600px) 100vw, 600px\" \/><\/figure>\n<\/figure>\n\n\n\n<figure class=\"wp-block-gallery has-nested-images columns-default is-cropped wp-block-gallery-2 is-layout-flex wp-block-gallery-is-layout-flex\">\n<figure class=\"wp-block-image size-large is-style-rounded\"><img loading=\"lazy\" decoding=\"async\" width=\"600\" height=\"450\" data-id=\"10503\" src=\"http:\/\/cuddly-toy-robbers.de\/wp-content\/uploads\/2025\/06\/20240208_114744.jpg\" alt=\"\" class=\"wp-image-10503\" srcset=\"http:\/\/cuddly-toy-robbers.de\/wp-content\/uploads\/2025\/06\/20240208_114744.jpg 600w, http:\/\/cuddly-toy-robbers.de\/wp-content\/uploads\/2025\/06\/20240208_114744-300x225.jpg 300w\" sizes=\"auto, (max-width: 600px) 100vw, 600px\" \/><\/figure>\n\n\n\n<figure class=\"wp-block-image size-large is-style-rounded\"><img loading=\"lazy\" decoding=\"async\" width=\"600\" height=\"450\" data-id=\"10502\" src=\"http:\/\/cuddly-toy-robbers.de\/wp-content\/uploads\/2025\/06\/20240103_201402.jpg\" alt=\"\" class=\"wp-image-10502\" srcset=\"http:\/\/cuddly-toy-robbers.de\/wp-content\/uploads\/2025\/06\/20240103_201402.jpg 600w, http:\/\/cuddly-toy-robbers.de\/wp-content\/uploads\/2025\/06\/20240103_201402-300x225.jpg 300w\" sizes=\"auto, (max-width: 600px) 100vw, 600px\" \/><\/figure>\n\n\n\n<figure class=\"wp-block-image size-large is-style-rounded\"><img loading=\"lazy\" decoding=\"async\" width=\"600\" height=\"453\" data-id=\"10504\" src=\"http:\/\/cuddly-toy-robbers.de\/wp-content\/uploads\/2025\/06\/20250128_113056.jpg\" alt=\"\" class=\"wp-image-10504\" srcset=\"http:\/\/cuddly-toy-robbers.de\/wp-content\/uploads\/2025\/06\/20250128_113056.jpg 600w, http:\/\/cuddly-toy-robbers.de\/wp-content\/uploads\/2025\/06\/20250128_113056-300x227.jpg 300w\" sizes=\"auto, (max-width: 600px) 100vw, 600px\" \/><\/figure>\n<\/figure>\n\n\n\n<figure class=\"wp-block-gallery has-nested-images columns-default is-cropped wp-block-gallery-3 is-layout-flex wp-block-gallery-is-layout-flex\">\n<figure class=\"wp-block-image size-large is-style-rounded\"><img loading=\"lazy\" decoding=\"async\" width=\"600\" height=\"450\" data-id=\"10507\" src=\"http:\/\/cuddly-toy-robbers.de\/wp-content\/uploads\/2025\/06\/IMG-20230629-WA0015.jpg\" alt=\"\" class=\"wp-image-10507\" srcset=\"http:\/\/cuddly-toy-robbers.de\/wp-content\/uploads\/2025\/06\/IMG-20230629-WA0015.jpg 600w, http:\/\/cuddly-toy-robbers.de\/wp-content\/uploads\/2025\/06\/IMG-20230629-WA0015-300x225.jpg 300w\" sizes=\"auto, (max-width: 600px) 100vw, 600px\" \/><\/figure>\n\n\n\n<figure class=\"wp-block-image size-large is-style-rounded\"><img loading=\"lazy\" decoding=\"async\" width=\"600\" height=\"450\" data-id=\"10506\" src=\"http:\/\/cuddly-toy-robbers.de\/wp-content\/uploads\/2025\/06\/IMG-20230609-WA0002.jpg\" alt=\"\" class=\"wp-image-10506\" srcset=\"http:\/\/cuddly-toy-robbers.de\/wp-content\/uploads\/2025\/06\/IMG-20230609-WA0002.jpg 600w, http:\/\/cuddly-toy-robbers.de\/wp-content\/uploads\/2025\/06\/IMG-20230609-WA0002-300x225.jpg 300w\" sizes=\"auto, (max-width: 600px) 100vw, 600px\" \/><\/figure>\n\n\n\n<figure class=\"wp-block-image size-large is-style-rounded\"><img loading=\"lazy\" decoding=\"async\" width=\"600\" height=\"450\" data-id=\"10505\" src=\"http:\/\/cuddly-toy-robbers.de\/wp-content\/uploads\/2025\/06\/IMG-20230521-WA0003.jpg\" alt=\"\" class=\"wp-image-10505\" srcset=\"http:\/\/cuddly-toy-robbers.de\/wp-content\/uploads\/2025\/06\/IMG-20230521-WA0003.jpg 600w, http:\/\/cuddly-toy-robbers.de\/wp-content\/uploads\/2025\/06\/IMG-20230521-WA0003-300x225.jpg 300w\" sizes=\"auto, (max-width: 600px) 100vw, 600px\" \/><\/figure>\n\n\n\n<figure class=\"wp-block-image size-large is-style-rounded\"><img loading=\"lazy\" decoding=\"async\" width=\"600\" height=\"450\" data-id=\"10501\" src=\"http:\/\/cuddly-toy-robbers.de\/wp-content\/uploads\/2025\/06\/20230620_093708.jpg\" alt=\"\" class=\"wp-image-10501\" srcset=\"http:\/\/cuddly-toy-robbers.de\/wp-content\/uploads\/2025\/06\/20230620_093708.jpg 600w, http:\/\/cuddly-toy-robbers.de\/wp-content\/uploads\/2025\/06\/20230620_093708-300x225.jpg 300w\" sizes=\"auto, (max-width: 600px) 100vw, 600px\" \/><\/figure>\n<\/figure>\n","protected":false},"excerpt":{"rendered":"<p>Cupido cute Frieda of Cuddly-Toy Robbers &#8222;Frieda&#8220; *28.03.2023 5. Generation \u00dcber Frieda: Ganz ungeplant hat sie sich in unser Herz geschlichen. Mit 5 Wochen reagierte sie, mit Wonne, auf ihren Namen. Da musste sie einfach bei uns bleiben und wir &hellip; <a href=\"http:\/\/cuddly-toy-robbers.de\/?page_id=10497\">Weiterlesen <span class=\"meta-nav\">&rarr;<\/span><\/a><\/p>\n","protected":false},"author":2,"featured_media":0,"parent":320,"menu_order":3,"comment_status":"closed","ping_status":"closed","template":"","meta":{"footnotes":""},"class_list":["post-10497","page","type-page","status-publish","hentry"],"_links":{"self":[{"href":"http:\/\/cuddly-toy-robbers.de\/index.php?rest_route=\/wp\/v2\/pages\/10497","targetHints":{"allow":["GET"]}}],"collection":[{"href":"http:\/\/cuddly-toy-robbers.de\/index.php?rest_route=\/wp\/v2\/pages"}],"about":[{"href":"http:\/\/cuddly-toy-robbers.de\/index.php?rest_route=\/wp\/v2\/types\/page"}],"author":[{"embeddable":true,"href":"http:\/\/cuddly-toy-robbers.de\/index.php?rest_route=\/wp\/v2\/users\/2"}],"replies":[{"embeddable":true,"href":"http:\/\/cuddly-toy-robbers.de\/index.php?rest_route=%2Fwp%2Fv2%2Fcomments&post=10497"}],"version-history":[{"count":7,"href":"http:\/\/cuddly-toy-robbers.de\/index.php?rest_route=\/wp\/v2\/pages\/10497\/revisions"}],"predecessor-version":[{"id":10610,"href":"http:\/\/cuddly-toy-robbers.de\/index.php?rest_route=\/wp\/v2\/pages\/10497\/revisions\/10610"}],"up":[{"embeddable":true,"href":"http:\/\/cuddly-toy-robbers.de\/index.php?rest_route=\/wp\/v2\/pages\/320"}],"wp:attachment":[{"href":"http:\/\/cuddly-toy-robbers.de\/index.php?rest_route=%2Fwp%2Fv2%2Fmedia&parent=10497"}],"curies":[{"name":"wp","href":"https:\/\/api.w.org\/{rel}","templated":true}]}}