{"id":10512,"date":"2025-06-01T16:03:26","date_gmt":"2025-06-01T16:03:26","guid":{"rendered":"http:\/\/cuddly-toy-robbers.de\/?page_id=10512"},"modified":"2025-08-06T13:29:28","modified_gmt":"2025-08-06T13:29:28","slug":"hilde","status":"publish","type":"page","link":"http:\/\/cuddly-toy-robbers.de\/?page_id=10512","title":{"rendered":"Hilde"},"content":{"rendered":"\n<p class=\"has-text-align-center has-medium-font-size\"><strong><em>Dazzling Hilde of Cuddly-Toy Robbers<\/em><\/strong><\/p>\n\n\n\n<p class=\"has-text-align-center has-medium-font-size\"><em>&#8222;Hilde&#8220;<\/em><\/p>\n\n\n\n<p class=\"has-text-align-center has-medium-font-size\"><em>*05.07.2023<\/em><\/p>\n\n\n\n<p class=\"has-text-align-center\"><em>6. Generation<\/em><\/p>\n\n\n\n<figure class=\"wp-block-image size-full\"><img loading=\"lazy\" decoding=\"async\" width=\"600\" height=\"450\" src=\"http:\/\/cuddly-toy-robbers.de\/wp-content\/uploads\/2025\/06\/IMG-20240812-WA0039-1.jpg\" alt=\"\" class=\"wp-image-10522\" srcset=\"http:\/\/cuddly-toy-robbers.de\/wp-content\/uploads\/2025\/06\/IMG-20240812-WA0039-1.jpg 600w, http:\/\/cuddly-toy-robbers.de\/wp-content\/uploads\/2025\/06\/IMG-20240812-WA0039-1-300x225.jpg 300w\" sizes=\"auto, (max-width: 600px) 100vw, 600px\" \/><\/figure>\n\n\n\n<p class=\"has-text-align-center has-medium-font-size\"><em><strong>\u00dcber Hilde:<\/strong><\/em><\/p>\n\n\n\n<p class=\"has-text-align-center has-medium-font-size\"><em>Die wilde Hilde. Stimmt. Aber der Wirbelwind macht gute Laune.<\/em><\/p>\n\n\n\n<p class=\"has-text-align-center has-medium-font-size\"><strong><em>Hilde&#8217;s Daten:<\/em><\/strong><\/p>\n\n\n\n<p class=\"has-text-align-center\"><em>HD: B1\/A2<\/em><\/p>\n\n\n\n<p class=\"has-text-align-center\"><em>ED: frei\/frei<\/em><\/p>\n\n\n\n<p class=\"has-text-align-center\"><em>Augen frei am 24.06.2025<\/em><\/p>\n\n\n\n<p class=\"has-text-align-center\"><em>GR-PRA1: frei, GR-PRA2: frei, prcd-Pra frei,<\/em> <em>NCL5 frei<\/em><\/p>\n\n\n\n<p class=\"has-text-align-center has-medium-font-size\"><strong><em>Pr\u00fcfungen:<\/em><\/strong><\/p>\n\n\n\n<p class=\"has-text-align-center has-medium-font-size\"><em><strong>Wesenstest<\/strong><\/em> <strong><em>bestanden<\/em><\/strong><\/p>\n\n\n\n<p class=\"has-text-align-center\"><em>Die 2 Jahre 1 Monate alte H\u00fcndin zeigt Engagement beim apportieren. Im Parcours zeigt sie sich unbeeindruckt und an den Reizen wenig interessiert. Im Parcours und beim Spaziergang l\u00f6st sie sich hin und wieder von ihrem Menschen. Menschen gegen\u00fcber zeigt sie sich freundlich.<\/em><\/p>\n\n\n\n<p class=\"has-text-align-center has-medium-font-size\"><strong><em>Formwert: vorz\u00fcglich<\/em><\/strong><\/p>\n\n\n\n<p class=\"has-text-align-center\"><em>Fast 2 Jahre alte H\u00fcndin, typ. Kopf, femininer Ausdruck, vorzgl. getragene Beh\u00e4nge, korrekt in allen Teilen, korrekte Knochenst\u00e4rke, Katzenpfoten, ausgeglichenes und freies Gangwerk, guter Schub, freundliches Verhalten.<\/em><\/p>\n\n\n\n<p class=\"has-text-align-center has-medium-font-size\"><em><a href=\"http:\/\/www.k9data.com\/pedigree.asp?ID=1372362\" data-type=\"link\" data-id=\"http:\/\/www.k9data.com\/pedigree.asp?ID=1372362\" target=\"_blank\" rel=\"noreferrer noopener\"><strong>Hilde&#8217;s Pedigree<\/strong><\/a><\/em><\/p>\n\n\n\n<figure class=\"wp-block-gallery has-nested-images columns-default is-cropped wp-block-gallery-1 is-layout-flex wp-block-gallery-is-layout-flex\">\n<figure class=\"wp-block-image size-large is-style-rounded\"><img loading=\"lazy\" decoding=\"async\" width=\"600\" height=\"380\" data-id=\"10520\" src=\"http:\/\/cuddly-toy-robbers.de\/wp-content\/uploads\/2025\/06\/IMG-20240812-WA0030.jpg\" alt=\"\" class=\"wp-image-10520\" srcset=\"http:\/\/cuddly-toy-robbers.de\/wp-content\/uploads\/2025\/06\/IMG-20240812-WA0030.jpg 600w, http:\/\/cuddly-toy-robbers.de\/wp-content\/uploads\/2025\/06\/IMG-20240812-WA0030-300x190.jpg 300w\" sizes=\"auto, (max-width: 600px) 100vw, 600px\" \/><\/figure>\n\n\n\n<figure class=\"wp-block-image size-large is-style-rounded\"><img loading=\"lazy\" decoding=\"async\" width=\"600\" height=\"361\" data-id=\"10519\" src=\"http:\/\/cuddly-toy-robbers.de\/wp-content\/uploads\/2025\/06\/IMG-20240812-WA0015.jpg\" alt=\"\" class=\"wp-image-10519\" srcset=\"http:\/\/cuddly-toy-robbers.de\/wp-content\/uploads\/2025\/06\/IMG-20240812-WA0015.jpg 600w, http:\/\/cuddly-toy-robbers.de\/wp-content\/uploads\/2025\/06\/IMG-20240812-WA0015-300x181.jpg 300w\" sizes=\"auto, (max-width: 600px) 100vw, 600px\" \/><\/figure>\n\n\n\n<figure class=\"wp-block-image size-large is-style-rounded\"><img loading=\"lazy\" decoding=\"async\" width=\"485\" height=\"331\" data-id=\"10518\" src=\"http:\/\/cuddly-toy-robbers.de\/wp-content\/uploads\/2025\/06\/IMG-20240812-WA0011.jpg\" alt=\"\" class=\"wp-image-10518\" srcset=\"http:\/\/cuddly-toy-robbers.de\/wp-content\/uploads\/2025\/06\/IMG-20240812-WA0011.jpg 485w, http:\/\/cuddly-toy-robbers.de\/wp-content\/uploads\/2025\/06\/IMG-20240812-WA0011-300x205.jpg 300w\" sizes=\"auto, (max-width: 485px) 100vw, 485px\" \/><\/figure>\n<\/figure>\n\n\n\n<figure class=\"wp-block-gallery has-nested-images columns-default is-cropped wp-block-gallery-2 is-layout-flex wp-block-gallery-is-layout-flex\">\n<figure class=\"wp-block-image size-large is-style-rounded\"><img loading=\"lazy\" decoding=\"async\" width=\"600\" height=\"450\" data-id=\"10517\" src=\"http:\/\/cuddly-toy-robbers.de\/wp-content\/uploads\/2025\/06\/20250601_113518.jpg\" alt=\"\" class=\"wp-image-10517\" srcset=\"http:\/\/cuddly-toy-robbers.de\/wp-content\/uploads\/2025\/06\/20250601_113518.jpg 600w, http:\/\/cuddly-toy-robbers.de\/wp-content\/uploads\/2025\/06\/20250601_113518-300x225.jpg 300w\" sizes=\"auto, (max-width: 600px) 100vw, 600px\" \/><\/figure>\n\n\n\n<figure class=\"wp-block-image size-large is-style-rounded\"><img loading=\"lazy\" decoding=\"async\" width=\"600\" height=\"406\" data-id=\"10516\" src=\"http:\/\/cuddly-toy-robbers.de\/wp-content\/uploads\/2025\/06\/20250123_115631.jpg\" alt=\"\" class=\"wp-image-10516\" srcset=\"http:\/\/cuddly-toy-robbers.de\/wp-content\/uploads\/2025\/06\/20250123_115631.jpg 600w, http:\/\/cuddly-toy-robbers.de\/wp-content\/uploads\/2025\/06\/20250123_115631-300x203.jpg 300w\" sizes=\"auto, (max-width: 600px) 100vw, 600px\" \/><\/figure>\n<\/figure>\n\n\n\n<figure class=\"wp-block-gallery has-nested-images columns-default is-cropped wp-block-gallery-3 is-layout-flex wp-block-gallery-is-layout-flex\">\n<figure class=\"wp-block-image size-large is-style-rounded\"><img loading=\"lazy\" decoding=\"async\" width=\"600\" height=\"450\" data-id=\"10515\" src=\"http:\/\/cuddly-toy-robbers.de\/wp-content\/uploads\/2025\/06\/20230915_205435.jpg\" alt=\"\" class=\"wp-image-10515\" srcset=\"http:\/\/cuddly-toy-robbers.de\/wp-content\/uploads\/2025\/06\/20230915_205435.jpg 600w, http:\/\/cuddly-toy-robbers.de\/wp-content\/uploads\/2025\/06\/20230915_205435-300x225.jpg 300w\" sizes=\"auto, (max-width: 600px) 100vw, 600px\" \/><\/figure>\n\n\n\n<figure class=\"wp-block-image size-large is-style-rounded\"><img loading=\"lazy\" decoding=\"async\" width=\"600\" height=\"450\" data-id=\"10514\" src=\"http:\/\/cuddly-toy-robbers.de\/wp-content\/uploads\/2025\/06\/20230914_223140.jpg\" alt=\"\" class=\"wp-image-10514\" srcset=\"http:\/\/cuddly-toy-robbers.de\/wp-content\/uploads\/2025\/06\/20230914_223140.jpg 600w, http:\/\/cuddly-toy-robbers.de\/wp-content\/uploads\/2025\/06\/20230914_223140-300x225.jpg 300w\" sizes=\"auto, (max-width: 600px) 100vw, 600px\" \/><\/figure>\n\n\n\n<figure class=\"wp-block-image size-large is-style-rounded\"><img loading=\"lazy\" decoding=\"async\" width=\"600\" height=\"450\" data-id=\"10513\" src=\"http:\/\/cuddly-toy-robbers.de\/wp-content\/uploads\/2025\/06\/20230904_193343.jpg\" alt=\"\" class=\"wp-image-10513\" srcset=\"http:\/\/cuddly-toy-robbers.de\/wp-content\/uploads\/2025\/06\/20230904_193343.jpg 600w, http:\/\/cuddly-toy-robbers.de\/wp-content\/uploads\/2025\/06\/20230904_193343-300x225.jpg 300w\" sizes=\"auto, (max-width: 600px) 100vw, 600px\" \/><\/figure>\n<\/figure>\n","protected":false},"excerpt":{"rendered":"<p>Dazzling Hilde of Cuddly-Toy Robbers &#8222;Hilde&#8220; *05.07.2023 6. Generation \u00dcber Hilde: Die wilde Hilde. Stimmt. Aber der Wirbelwind macht gute Laune. Hilde&#8217;s Daten: HD: B1\/A2 ED: frei\/frei Augen frei am 24.06.2025 GR-PRA1: frei, GR-PRA2: frei, prcd-Pra frei, NCL5 frei Pr\u00fcfungen: &hellip; <a href=\"http:\/\/cuddly-toy-robbers.de\/?page_id=10512\">Weiterlesen <span class=\"meta-nav\">&rarr;<\/span><\/a><\/p>\n","protected":false},"author":2,"featured_media":0,"parent":320,"menu_order":2,"comment_status":"closed","ping_status":"closed","template":"","meta":{"footnotes":""},"class_list":["post-10512","page","type-page","status-publish","hentry"],"_links":{"self":[{"href":"http:\/\/cuddly-toy-robbers.de\/index.php?rest_route=\/wp\/v2\/pages\/10512","targetHints":{"allow":["GET"]}}],"collection":[{"href":"http:\/\/cuddly-toy-robbers.de\/index.php?rest_route=\/wp\/v2\/pages"}],"about":[{"href":"http:\/\/cuddly-toy-robbers.de\/index.php?rest_route=\/wp\/v2\/types\/page"}],"author":[{"embeddable":true,"href":"http:\/\/cuddly-toy-robbers.de\/index.php?rest_route=\/wp\/v2\/users\/2"}],"replies":[{"embeddable":true,"href":"http:\/\/cuddly-toy-robbers.de\/index.php?rest_route=%2Fwp%2Fv2%2Fcomments&post=10512"}],"version-history":[{"count":7,"href":"http:\/\/cuddly-toy-robbers.de\/index.php?rest_route=\/wp\/v2\/pages\/10512\/revisions"}],"predecessor-version":[{"id":10612,"href":"http:\/\/cuddly-toy-robbers.de\/index.php?rest_route=\/wp\/v2\/pages\/10512\/revisions\/10612"}],"up":[{"embeddable":true,"href":"http:\/\/cuddly-toy-robbers.de\/index.php?rest_route=\/wp\/v2\/pages\/320"}],"wp:attachment":[{"href":"http:\/\/cuddly-toy-robbers.de\/index.php?rest_route=%2Fwp%2Fv2%2Fmedia&parent=10512"}],"curies":[{"name":"wp","href":"https:\/\/api.w.org\/{rel}","templated":true}]}}