{"id":14,"date":"2012-02-12T12:27:14","date_gmt":"2012-02-12T12:27:14","guid":{"rendered":"http:\/\/cuddly-toy-robbers.de\/?page_id=14"},"modified":"2023-09-01T06:51:15","modified_gmt":"2023-09-01T06:51:15","slug":"uber-uns","status":"publish","type":"page","link":"http:\/\/cuddly-toy-robbers.de\/?page_id=14","title":{"rendered":"\u00dcber Uns"},"content":{"rendered":"<h3 align=\"center\"><span style=\"color: #000000;\">Ein Golden Retriever, das war schon immer unser Wunsch.<\/span><\/h3>\n<p align=\"center\"><a href=\"http:\/\/cuddly-toy-robbers.de\/?attachment_id=1306\" rel=\"attachment wp-att-1306\"><img loading=\"lazy\" decoding=\"async\" class=\"alignnone size-medium wp-image-1306\" title=\"Wangerooge 2011\" src=\"http:\/\/cuddly-toy-robbers.de\/wp-content\/uploads\/2012\/02\/IMG_9147-300x191.jpg\" alt=\"\" width=\"300\" height=\"191\" srcset=\"http:\/\/cuddly-toy-robbers.de\/wp-content\/uploads\/2012\/02\/IMG_9147-300x191.jpg 300w, http:\/\/cuddly-toy-robbers.de\/wp-content\/uploads\/2012\/02\/IMG_9147-469x300.jpg 469w, http:\/\/cuddly-toy-robbers.de\/wp-content\/uploads\/2012\/02\/IMG_9147.jpg 800w\" sizes=\"auto, (max-width: 300px) 100vw, 300px\" \/><\/a><\/p>\n<p align=\"center\"><span style=\"color: #000000;\">Wir, das bin ich Diana, mein Mann Andreas.<br \/>\n<\/span><\/p>\n<p align=\"center\"><span style=\"color: #000000;\">Selbstverst\u00e4ndlich geh\u00f6ren Fussel, Skylar, Alma, James, Rudy, Dobby und Paige zur Familie.<\/span><\/p>\n<p align=\"center\"><span style=\"color: #000000;\">Ende 1999 wurde unsere Stammh\u00fcndin Bonny bei unseren Z\u00fcchtern Familie Bettina und Edward Marks abgegeben. Wir verliebten uns sofort in die 13 Monate alte, temperamentvolle\u00a0 H\u00fcndin und haben sie behalten.<\/span><\/p>\n<p align=\"center\"><span style=\"color: #000000;\">Das erste Jahr war sehr anstrengend. Bonny hatte eine fabelhafte Erziehung im Hause, doch auf den Feldern sah und h\u00f6rte sie nichts mehr, jagte Jogger und verfolgte Radfahrer. Mit t\u00e4glicher \u00dcbung \u00e4nderte sich das im Laufe des Jahres.<\/span><\/p>\n<p align=\"center\"><span style=\"color: #000000;\">Der Erfolg f\u00fchrte uns zu weiteren Herausforderungen, die den Wesenstest und sogar zu einer Begleithundepr\u00fcfung, die unsere Bonny im Jahre 2002 bestand hat. Die Entscheidung Golden Retriever zu z\u00fcchten war sehr gr\u00fcndlich \u00fcberlegt. Gespr\u00e4che mit anderen Z\u00fcchtern, Seminare und vieles mehr folgten. 2002 war es soweit, der DRC best\u00e4tigte uns die Zuchterlaubnis.<\/span><\/p>\n<p align=\"center\"><span style=\"color: #000000;\">Die Erfahrung, die wir nun in den vergangenen Jahren gesammelt haben, wollen wir nat\u00fcrlich den zuk\u00fcnftigen Retriever Besitzern weitergeben.<\/span><\/p>\n<h2 align=\"center\"><span style=\"color: #000000;\"><strong>Gro\u00dfheide OT Ostermoordorf<\/strong><\/span><\/h2>\n<p style=\"text-align: center;\"><span style=\"color: #000000;\">Seit Mitte September 2018 wohnen wir in Gro\u00dfheide\/Ostfriesland. Unser Traum ist in Erf\u00fcllung gegangen.<\/span><\/p>\n<p style=\"text-align: center;\"><a href=\"http:\/\/cuddly-toy-robbers.de\/?attachment_id=8037\" rel=\"attachment wp-att-8037\"><img loading=\"lazy\" decoding=\"async\" class=\"alignnone size-medium wp-image-8037\" src=\"http:\/\/cuddly-toy-robbers.de\/wp-content\/uploads\/2018\/12\/IMG_0019-300x225.jpg\" alt=\"\" width=\"300\" height=\"225\" srcset=\"http:\/\/cuddly-toy-robbers.de\/wp-content\/uploads\/2018\/12\/IMG_0019-300x225.jpg 300w, http:\/\/cuddly-toy-robbers.de\/wp-content\/uploads\/2018\/12\/IMG_0019.jpg 600w\" sizes=\"auto, (max-width: 300px) 100vw, 300px\" \/><\/a><\/p>\n<p style=\"text-align: center;\">Der musste einfach her, und nein, er ist nicht schief.<\/p>\n<p style=\"text-align: center;\">\u00a0<a href=\"http:\/\/cuddly-toy-robbers.de\/?attachment_id=5425\" rel=\"attachment wp-att-5425\"><img loading=\"lazy\" decoding=\"async\" class=\"alignnone size-medium wp-image-5425\" src=\"http:\/\/cuddly-toy-robbers.de\/wp-content\/uploads\/2012\/02\/IMG_89701-300x200.jpg\" alt=\"Urlaub 2011\" width=\"300\" height=\"200\" srcset=\"http:\/\/cuddly-toy-robbers.de\/wp-content\/uploads\/2012\/02\/IMG_89701-300x200.jpg 300w, http:\/\/cuddly-toy-robbers.de\/wp-content\/uploads\/2012\/02\/IMG_89701-448x300.jpg 448w, http:\/\/cuddly-toy-robbers.de\/wp-content\/uploads\/2012\/02\/IMG_89701.jpg 600w\" sizes=\"auto, (max-width: 300px) 100vw, 300px\" \/><\/a><\/p>\n","protected":false},"excerpt":{"rendered":"<p>Ein Golden Retriever, das war schon immer unser Wunsch. Wir, das bin ich Diana, mein Mann Andreas. Selbstverst\u00e4ndlich geh\u00f6ren Fussel, Skylar, Alma, James, Rudy, Dobby und Paige zur Familie. Ende 1999 wurde unsere Stammh\u00fcndin Bonny bei unseren Z\u00fcchtern Familie Bettina &hellip; <a href=\"http:\/\/cuddly-toy-robbers.de\/?page_id=14\">Weiterlesen <span class=\"meta-nav\">&rarr;<\/span><\/a><\/p>\n","protected":false},"author":2,"featured_media":0,"parent":0,"menu_order":7,"comment_status":"closed","ping_status":"closed","template":"","meta":{"footnotes":""},"class_list":["post-14","page","type-page","status-publish","hentry"],"_links":{"self":[{"href":"http:\/\/cuddly-toy-robbers.de\/index.php?rest_route=\/wp\/v2\/pages\/14","targetHints":{"allow":["GET"]}}],"collection":[{"href":"http:\/\/cuddly-toy-robbers.de\/index.php?rest_route=\/wp\/v2\/pages"}],"about":[{"href":"http:\/\/cuddly-toy-robbers.de\/index.php?rest_route=\/wp\/v2\/types\/page"}],"author":[{"embeddable":true,"href":"http:\/\/cuddly-toy-robbers.de\/index.php?rest_route=\/wp\/v2\/users\/2"}],"replies":[{"embeddable":true,"href":"http:\/\/cuddly-toy-robbers.de\/index.php?rest_route=%2Fwp%2Fv2%2Fcomments&post=14"}],"version-history":[{"count":20,"href":"http:\/\/cuddly-toy-robbers.de\/index.php?rest_route=\/wp\/v2\/pages\/14\/revisions"}],"predecessor-version":[{"id":10249,"href":"http:\/\/cuddly-toy-robbers.de\/index.php?rest_route=\/wp\/v2\/pages\/14\/revisions\/10249"}],"wp:attachment":[{"href":"http:\/\/cuddly-toy-robbers.de\/index.php?rest_route=%2Fwp%2Fv2%2Fmedia&parent=14"}],"curies":[{"name":"wp","href":"https:\/\/api.w.org\/{rel}","templated":true}]}}