{"id":29,"date":"2012-02-12T18:47:18","date_gmt":"2012-02-12T18:47:18","guid":{"rendered":"http:\/\/cuddly-toy-robbers.de\/?page_id=29"},"modified":"2020-09-01T14:57:38","modified_gmt":"2020-09-01T14:57:38","slug":"kontakt","status":"publish","type":"page","link":"http:\/\/cuddly-toy-robbers.de\/?page_id=29","title":{"rendered":"Kontakt"},"content":{"rendered":"<p style=\"text-align: center;\"><span style=\"color: #000000;\"><strong><em><span style=\"font-size: large;\">Diana Sch\u00fc\u00dfler<\/span><\/em><\/strong><\/span><\/p>\n<p style=\"text-align: center;\"><span style=\"color: #000000;\"><strong><em><span style=\"font-size: large;\">R\u00f6ttweg 12<br \/>\n<\/span><\/em><\/strong><\/span><\/p>\n<p style=\"text-align: center;\"><span style=\"color: #000000;\"><strong><em><span style=\"font-size: large;\">26532 Gro\u00dfheide<br \/>\n<\/span><\/em><\/strong><\/span><\/p>\n<p style=\"text-align: center;\"><span style=\"color: #000000;\"><strong><em><span style=\"font-size: large;\">04936-9179755<\/span><\/em><\/strong><\/span><\/p>\n<p style=\"text-align: center;\"><span style=\"font-size: large;\"><strong><a href=\"http:\/\/cuddly-toy-robbers.de\/?attachment_id=867\" rel=\"attachment wp-att-867\"><img loading=\"lazy\" decoding=\"async\" class=\"size-medium wp-image-867\" title=\"P1030166\" src=\"http:\/\/cuddly-toy-robbers.de\/wp-content\/uploads\/2012\/02\/P1030166-300x225.jpg\" alt=\"\" width=\"300\" height=\"225\" srcset=\"http:\/\/cuddly-toy-robbers.de\/wp-content\/uploads\/2012\/02\/P1030166-300x225.jpg 300w, http:\/\/cuddly-toy-robbers.de\/wp-content\/uploads\/2012\/02\/P1030166.jpg 350w\" sizes=\"auto, (max-width: 300px) 100vw, 300px\" \/><\/a><\/strong><\/span><\/p>\n","protected":false},"excerpt":{"rendered":"<p>Diana Sch\u00fc\u00dfler R\u00f6ttweg 12 26532 Gro\u00dfheide 04936-9179755<\/p>\n","protected":false},"author":2,"featured_media":0,"parent":0,"menu_order":11,"comment_status":"closed","ping_status":"closed","template":"","meta":{"footnotes":""},"class_list":["post-29","page","type-page","status-publish","hentry"],"_links":{"self":[{"href":"http:\/\/cuddly-toy-robbers.de\/index.php?rest_route=\/wp\/v2\/pages\/29","targetHints":{"allow":["GET"]}}],"collection":[{"href":"http:\/\/cuddly-toy-robbers.de\/index.php?rest_route=\/wp\/v2\/pages"}],"about":[{"href":"http:\/\/cuddly-toy-robbers.de\/index.php?rest_route=\/wp\/v2\/types\/page"}],"author":[{"embeddable":true,"href":"http:\/\/cuddly-toy-robbers.de\/index.php?rest_route=\/wp\/v2\/users\/2"}],"replies":[{"embeddable":true,"href":"http:\/\/cuddly-toy-robbers.de\/index.php?rest_route=%2Fwp%2Fv2%2Fcomments&post=29"}],"version-history":[{"count":16,"href":"http:\/\/cuddly-toy-robbers.de\/index.php?rest_route=\/wp\/v2\/pages\/29\/revisions"}],"predecessor-version":[{"id":8729,"href":"http:\/\/cuddly-toy-robbers.de\/index.php?rest_route=\/wp\/v2\/pages\/29\/revisions\/8729"}],"wp:attachment":[{"href":"http:\/\/cuddly-toy-robbers.de\/index.php?rest_route=%2Fwp%2Fv2%2Fmedia&parent=29"}],"curies":[{"name":"wp","href":"https:\/\/api.w.org\/{rel}","templated":true}]}}