{"id":7334,"date":"2017-07-28T13:48:00","date_gmt":"2017-07-28T13:48:00","guid":{"rendered":"http:\/\/cuddly-toy-robbers.de\/?page_id=7334"},"modified":"2025-06-01T07:34:33","modified_gmt":"2025-06-01T07:34:33","slug":"fussel","status":"publish","type":"page","link":"http:\/\/cuddly-toy-robbers.de\/?page_id=7334","title":{"rendered":"Fussel"},"content":{"rendered":"<p style=\"text-align: center;\"><span style=\"color: #000000;\"><strong>Quianna&#8217;s Luzi of Cuddly-Toy Robbers<\/strong><\/span><\/p>\n<p style=\"text-align: center;\"><span style=\"color: #000000;\"><strong>&#8222;Fussel&#8220;<\/strong><\/span><\/p>\n<p style=\"text-align: center;\"><span style=\"color: #000000;\">*17.04.2015<\/span><\/p>\n<p style=\"text-align: center;\"><span style=\"color: #000000;\">Im wohlverdienten Ruhestand<br \/>\n<\/span><\/p>\n<p style=\"text-align: center;\"><a href=\"http:\/\/cuddly-toy-robbers.de\/?attachment_id=8553\" rel=\"attachment wp-att-8553\"><img loading=\"lazy\" decoding=\"async\" class=\"alignnone size-full wp-image-8553\" src=\"http:\/\/cuddly-toy-robbers.de\/wp-content\/uploads\/2019\/12\/Fussel.jpg\" alt=\"\" width=\"450\" height=\"450\" srcset=\"http:\/\/cuddly-toy-robbers.de\/wp-content\/uploads\/2019\/12\/Fussel.jpg 450w, http:\/\/cuddly-toy-robbers.de\/wp-content\/uploads\/2019\/12\/Fussel-300x300.jpg 300w\" sizes=\"auto, (max-width: 450px) 100vw, 450px\" \/><\/a><\/p>\n<p style=\"text-align: center;\"><a href=\"http:\/\/cuddly-toy-robbers.de\/?attachment_id=8554\" rel=\"attachment wp-att-8554\"><img loading=\"lazy\" decoding=\"async\" class=\"alignnone size-full wp-image-8554\" src=\"http:\/\/cuddly-toy-robbers.de\/wp-content\/uploads\/2019\/12\/Fussel_.jpg\" alt=\"\" width=\"600\" height=\"450\" srcset=\"http:\/\/cuddly-toy-robbers.de\/wp-content\/uploads\/2019\/12\/Fussel_.jpg 600w, http:\/\/cuddly-toy-robbers.de\/wp-content\/uploads\/2019\/12\/Fussel_-300x225.jpg 300w\" sizes=\"auto, (max-width: 600px) 100vw, 600px\" \/><\/a><\/p>\n<p style=\"text-align: center;\"><a href=\"http:\/\/cuddly-toy-robbers.de\/?attachment_id=7690\" rel=\"attachment wp-att-7690\"><img loading=\"lazy\" decoding=\"async\" class=\"alignnone size-medium wp-image-7690\" src=\"http:\/\/cuddly-toy-robbers.de\/wp-content\/uploads\/2018\/04\/IMG_3879-300x225.jpg\" alt=\"\" width=\"300\" height=\"225\" srcset=\"http:\/\/cuddly-toy-robbers.de\/wp-content\/uploads\/2018\/04\/IMG_3879-300x225.jpg 300w, http:\/\/cuddly-toy-robbers.de\/wp-content\/uploads\/2018\/04\/IMG_3879.jpg 600w\" sizes=\"auto, (max-width: 300px) 100vw, 300px\" \/><\/a> <a href=\"http:\/\/cuddly-toy-robbers.de\/?attachment_id=7701\" rel=\"attachment wp-att-7701\"><img loading=\"lazy\" decoding=\"async\" class=\"alignnone size-medium wp-image-7701\" src=\"http:\/\/cuddly-toy-robbers.de\/wp-content\/uploads\/2018\/04\/IMG_3772-288x300.jpg\" alt=\"\" width=\"288\" height=\"300\" srcset=\"http:\/\/cuddly-toy-robbers.de\/wp-content\/uploads\/2018\/04\/IMG_3772-288x300.jpg 288w, http:\/\/cuddly-toy-robbers.de\/wp-content\/uploads\/2018\/04\/IMG_3772.jpg 576w\" sizes=\"auto, (max-width: 288px) 100vw, 288px\" \/><\/a><\/p>\n<p style=\"text-align: center;\"><a href=\"http:\/\/cuddly-toy-robbers.de\/?attachment_id=7348\" rel=\"attachment wp-att-7348\"><img loading=\"lazy\" decoding=\"async\" class=\"alignnone size-medium wp-image-7348\" src=\"http:\/\/cuddly-toy-robbers.de\/wp-content\/uploads\/2017\/07\/Fussel-Mai-2017-300x206.jpg\" alt=\"fussel-mai-2017\" width=\"300\" height=\"206\" srcset=\"http:\/\/cuddly-toy-robbers.de\/wp-content\/uploads\/2017\/07\/Fussel-Mai-2017-300x206.jpg 300w, http:\/\/cuddly-toy-robbers.de\/wp-content\/uploads\/2017\/07\/Fussel-Mai-2017.jpg 600w\" sizes=\"auto, (max-width: 300px) 100vw, 300px\" \/><\/a><\/p>\n<p style=\"text-align: center;\"><span style=\"text-decoration: underline;\"><span style=\"color: #000000;\"><strong>\u00dcber Fussel:<\/strong><\/span><\/span><\/p>\n<p style=\"text-align: center;\"><span style=\"color: #000000;\">Eigentlich wollten wir sie Luzi rufen, eigentlich. Aber sie liebte es im Welpenzimmer den VetBeds das Flie\u00df raus zu ziehen. Meistens blieben ein paar Flusen in ihren Mundwinkeln h\u00e4ngen. Tja und so ist es unsere Fussel, Schmusefluse oder Fusselchen.<\/span><\/p>\n<p style=\"text-align: center;\"><span style=\"text-decoration: underline;\"><span style=\"color: #000000; text-decoration: underline;\"><strong>Fussels Daten:<\/strong><\/span><\/span><\/p>\n<p style=\"text-align: center;\"><span style=\"color: #000000;\"><strong>HD : A1 \/ A1<\/strong><\/span><\/p>\n<p style=\"text-align: center;\"><span style=\"color: #000000;\"><strong>ED : frei \/ frei<\/strong><\/span><\/p>\n<p style=\"text-align: center;\"><span style=\"color: #000000;\"><strong>Augen frei am 29.03.2021<\/strong><\/span><\/p>\n<p style=\"text-align: center;\"><span style=\"color: #000000;\"><strong>GR_PRA 1 und GR_PRA 2 \u00fcber Erbgang frei<\/strong><\/span><\/p>\n<p style=\"text-align: center;\"><strong><span style=\"color: #800000;\"><a style=\"color: #800000;\" href=\"http:\/\/www.k9data.com\/pedigree.asp?ID=849297\" target=\"_blank\" rel=\"noopener noreferrer\">Pedigree<\/a><\/span><\/strong><\/p>\n<p style=\"text-align: center;\"><span style=\"text-decoration: underline; color: #000000;\">Wesenstest bestanden<\/span><br \/>\n<span style=\"color: #000000;\">Die 18 Monate alte Golden H\u00fcndin zeigte ein ausgeglichenes Bewegungsverhalten. Sie zeigte sich temperamentvoll und bewegungsfreudig. Das Spielverhalten ist in ausgepr\u00e4gter Form sichtbar geworden. Sie ist \u00e4u\u00dferst ausdauernd im Verfolgen eines Ziels. Die H\u00fcndin ist aufmerksam. Gut sichtbar geworden ist ihr Beuteverhalten. Die H\u00fcndin tr\u00e4gt.<\/span><br \/>\n<span style=\"color: #000000;\">Sie zeigte eine sehr starke Unterordnungsbereitschaft mit Tendenzen zur Unterw\u00fcrfigkeit. Die Bindung ist gut.<\/span><br \/>\n<span style=\"color: #000000;\">Fremdpersonen gegen\u00fcber verhielt sie sich freundlich, aber etwas ausweichend. In der Seitenlage leichte Unterw\u00fcrfigkeit &#8211; ebenso in der Gasse, gepaart mit einer leichten Verunsicherung.<\/span><br \/>\n<span style=\"color: #000000;\">Im optischen und akustischen Bereich verhielt sie sich sicher.<\/span><br \/>\n<span style=\"color: #000000;\">Beim Schuss auf der 1., 2. und 3. Distanz kurz beeindruckt, leicht schussempfindlich. Sie erholt sich.<\/span><br \/>\n<span style=\"color: #000000;\">Richter: Karrenberg<\/span><\/p>\n<p style=\"text-align: center;\"><span style=\"color: #000000;\"><strong>Fussel beim Wesenstest<\/strong><\/span><\/p>\n<p style=\"text-align: center;\"><a href=\"http:\/\/cuddly-toy-robbers.de\/?attachment_id=7000\" rel=\"attachment wp-att-7000\"><img loading=\"lazy\" decoding=\"async\" class=\"alignnone size-medium wp-image-7000\" src=\"http:\/\/cuddly-toy-robbers.de\/wp-content\/uploads\/2013\/11\/IMG_9800-300x200.jpg\" alt=\"Fussel l\u00e4uft auf Folie\" width=\"300\" height=\"200\" srcset=\"http:\/\/cuddly-toy-robbers.de\/wp-content\/uploads\/2013\/11\/IMG_9800-300x200.jpg 300w, http:\/\/cuddly-toy-robbers.de\/wp-content\/uploads\/2013\/11\/IMG_9800.jpg 600w\" sizes=\"auto, (max-width: 300px) 100vw, 300px\" \/><\/a> <a href=\"http:\/\/cuddly-toy-robbers.de\/?attachment_id=6998\" rel=\"attachment wp-att-6998\"><img loading=\"lazy\" decoding=\"async\" class=\"alignnone size-medium wp-image-6998\" src=\"http:\/\/cuddly-toy-robbers.de\/wp-content\/uploads\/2013\/11\/IMG_9791-300x200.jpg\" alt=\"Fussel beim Wesenstest\" width=\"300\" height=\"200\" srcset=\"http:\/\/cuddly-toy-robbers.de\/wp-content\/uploads\/2013\/11\/IMG_9791-300x200.jpg 300w, http:\/\/cuddly-toy-robbers.de\/wp-content\/uploads\/2013\/11\/IMG_9791.jpg 600w\" sizes=\"auto, (max-width: 300px) 100vw, 300px\" \/><\/a> <a href=\"http:\/\/cuddly-toy-robbers.de\/?attachment_id=6999\" rel=\"attachment wp-att-6999\"><img loading=\"lazy\" decoding=\"async\" class=\"alignnone size-medium wp-image-6999\" src=\"http:\/\/cuddly-toy-robbers.de\/wp-content\/uploads\/2013\/11\/IMG_9794-300x200.jpg\" alt=\"Wesenstest\" width=\"300\" height=\"200\" srcset=\"http:\/\/cuddly-toy-robbers.de\/wp-content\/uploads\/2013\/11\/IMG_9794-300x200.jpg 300w, http:\/\/cuddly-toy-robbers.de\/wp-content\/uploads\/2013\/11\/IMG_9794.jpg 600w\" sizes=\"auto, (max-width: 300px) 100vw, 300px\" \/><\/a><\/p>\n<p style=\"text-align: center;\"><span style=\"text-decoration: underline; color: #000000;\">Formwert vorz\u00fcglich<\/span><\/p>\n<p style=\"text-align: center;\"><span style=\"color: #000000;\">Feminine H\u00fcndin, ansprechender Kopf, sanfter Ausdruck, korrekte Hals- und R\u00fcckenlinie, sehr gut ausgeformter Brustkorb, sehr gut gewinkelte Vor- und Hinterhand, insgesamt harmonisch, sie bewegt sich fl\u00fcssig, freundliches Wesen.<\/span><br \/>\n<span style=\"color: #000000;\">Richter: Rabe<\/span><\/p>\n<p style=\"text-align: center;\"><span style=\"text-decoration: underline;\"><span style=\"color: #000000; text-decoration: underline;\">4 Generationen : Fussel mit Mama, Oma und Ur-Oma<\/span><\/span><\/p>\n<p style=\"text-align: center;\"><a href=\"http:\/\/cuddly-toy-robbers.de\/?attachment_id=7339\" rel=\"attachment wp-att-7339\"><img loading=\"lazy\" decoding=\"async\" class=\"alignnone size-medium wp-image-7339\" src=\"http:\/\/cuddly-toy-robbers.de\/wp-content\/uploads\/2017\/07\/4-Generationen-300x225.jpg\" alt=\"4-generationen\" width=\"300\" height=\"225\" srcset=\"http:\/\/cuddly-toy-robbers.de\/wp-content\/uploads\/2017\/07\/4-Generationen-300x225.jpg 300w, http:\/\/cuddly-toy-robbers.de\/wp-content\/uploads\/2017\/07\/4-Generationen.jpg 600w\" sizes=\"auto, (max-width: 300px) 100vw, 300px\" \/><\/a><\/p>\n<p style=\"text-align: center;\"><span style=\"color: #000000;\">Fussel mit Halbschwester Skylar<\/span><\/p>\n<p style=\"text-align: center;\"><a href=\"http:\/\/cuddly-toy-robbers.de\/?attachment_id=7350\" rel=\"attachment wp-att-7350\"><img loading=\"lazy\" decoding=\"async\" class=\"alignnone size-medium wp-image-7350\" src=\"http:\/\/cuddly-toy-robbers.de\/wp-content\/uploads\/2017\/07\/IMG_2915-300x225.jpg\" alt=\"Fussel, Skylar und Alma\" width=\"300\" height=\"225\" srcset=\"http:\/\/cuddly-toy-robbers.de\/wp-content\/uploads\/2017\/07\/IMG_2915-300x225.jpg 300w, http:\/\/cuddly-toy-robbers.de\/wp-content\/uploads\/2017\/07\/IMG_2915.jpg 600w\" sizes=\"auto, (max-width: 300px) 100vw, 300px\" \/><\/a> <a href=\"http:\/\/cuddly-toy-robbers.de\/?attachment_id=7351\" rel=\"attachment wp-att-7351\"><img loading=\"lazy\" decoding=\"async\" class=\"alignnone size-medium wp-image-7351\" src=\"http:\/\/cuddly-toy-robbers.de\/wp-content\/uploads\/2017\/07\/20170411_145238-273x300.jpg\" alt=\"Fussel und Skylar\" width=\"273\" height=\"300\" srcset=\"http:\/\/cuddly-toy-robbers.de\/wp-content\/uploads\/2017\/07\/20170411_145238-273x300.jpg 273w, http:\/\/cuddly-toy-robbers.de\/wp-content\/uploads\/2017\/07\/20170411_145238.jpg 546w\" sizes=\"auto, (max-width: 273px) 100vw, 273px\" \/><\/a><\/p>\n<p style=\"text-align: center;\"><span style=\"color: #000000;\">Typisch Fussel<\/span><\/p>\n<p style=\"text-align: center;\"><a href=\"http:\/\/cuddly-toy-robbers.de\/?attachment_id=7345\" rel=\"attachment wp-att-7345\"><img loading=\"lazy\" decoding=\"async\" class=\"alignnone size-medium wp-image-7345\" src=\"http:\/\/cuddly-toy-robbers.de\/wp-content\/uploads\/2017\/07\/Fussel-Oktober-15-300x194.jpg\" alt=\"fussel-oktober-15\" width=\"300\" height=\"194\" srcset=\"http:\/\/cuddly-toy-robbers.de\/wp-content\/uploads\/2017\/07\/Fussel-Oktober-15-300x194.jpg 300w, http:\/\/cuddly-toy-robbers.de\/wp-content\/uploads\/2017\/07\/Fussel-Oktober-15.jpg 600w\" sizes=\"auto, (max-width: 300px) 100vw, 300px\" \/><\/a> <a href=\"http:\/\/cuddly-toy-robbers.de\/?attachment_id=7343\" rel=\"attachment wp-att-7343\"><img loading=\"lazy\" decoding=\"async\" class=\"alignnone size-medium wp-image-7343\" src=\"http:\/\/cuddly-toy-robbers.de\/wp-content\/uploads\/2017\/07\/Fussel-Juni-17-300x225.jpg\" alt=\"fussel-juni-17\" width=\"300\" height=\"225\" srcset=\"http:\/\/cuddly-toy-robbers.de\/wp-content\/uploads\/2017\/07\/Fussel-Juni-17-300x225.jpg 300w, http:\/\/cuddly-toy-robbers.de\/wp-content\/uploads\/2017\/07\/Fussel-Juni-17.jpg 600w\" sizes=\"auto, (max-width: 300px) 100vw, 300px\" \/><\/a> <a href=\"http:\/\/cuddly-toy-robbers.de\/?attachment_id=7341\" rel=\"attachment wp-att-7341\"><img loading=\"lazy\" decoding=\"async\" class=\"alignnone size-medium wp-image-7341\" src=\"http:\/\/cuddly-toy-robbers.de\/wp-content\/uploads\/2017\/07\/Fussel-Juli-17-300x225.jpg\" alt=\"fussel-juli-17\" width=\"300\" height=\"225\" srcset=\"http:\/\/cuddly-toy-robbers.de\/wp-content\/uploads\/2017\/07\/Fussel-Juli-17-300x225.jpg 300w, http:\/\/cuddly-toy-robbers.de\/wp-content\/uploads\/2017\/07\/Fussel-Juli-17.jpg 600w\" sizes=\"auto, (max-width: 300px) 100vw, 300px\" \/><\/a> <a href=\"http:\/\/cuddly-toy-robbers.de\/?attachment_id=7340\" rel=\"attachment wp-att-7340\"><img loading=\"lazy\" decoding=\"async\" class=\"alignnone size-medium wp-image-7340\" src=\"http:\/\/cuddly-toy-robbers.de\/wp-content\/uploads\/2017\/07\/Fussel-Dez.-16-300x200.jpg\" alt=\"fussel-dez-16\" width=\"300\" height=\"200\" srcset=\"http:\/\/cuddly-toy-robbers.de\/wp-content\/uploads\/2017\/07\/Fussel-Dez.-16-300x200.jpg 300w, http:\/\/cuddly-toy-robbers.de\/wp-content\/uploads\/2017\/07\/Fussel-Dez.-16.jpg 600w\" sizes=\"auto, (max-width: 300px) 100vw, 300px\" \/><\/a><\/p>\n<p style=\"text-align: center;\"><a href=\"http:\/\/cuddly-toy-robbers.de\/?attachment_id=7346\" rel=\"attachment wp-att-7346\"><img loading=\"lazy\" decoding=\"async\" class=\"alignnone size-medium wp-image-7346\" src=\"http:\/\/cuddly-toy-robbers.de\/wp-content\/uploads\/2017\/07\/IMG_2047-300x225.jpg\" alt=\"Fussel im Zoo\" width=\"300\" height=\"225\" srcset=\"http:\/\/cuddly-toy-robbers.de\/wp-content\/uploads\/2017\/07\/IMG_2047-300x225.jpg 300w, http:\/\/cuddly-toy-robbers.de\/wp-content\/uploads\/2017\/07\/IMG_2047.jpg 600w\" sizes=\"auto, (max-width: 300px) 100vw, 300px\" \/><\/a> <a href=\"http:\/\/cuddly-toy-robbers.de\/?attachment_id=7342\" rel=\"attachment wp-att-7342\"><img loading=\"lazy\" decoding=\"async\" class=\"alignnone size-medium wp-image-7342\" src=\"http:\/\/cuddly-toy-robbers.de\/wp-content\/uploads\/2017\/07\/Fussel-Juni-16-300x225.jpg\" alt=\"fussel-juni-16\" width=\"300\" height=\"225\" srcset=\"http:\/\/cuddly-toy-robbers.de\/wp-content\/uploads\/2017\/07\/Fussel-Juni-16-300x225.jpg 300w, http:\/\/cuddly-toy-robbers.de\/wp-content\/uploads\/2017\/07\/Fussel-Juni-16.jpg 600w\" sizes=\"auto, (max-width: 300px) 100vw, 300px\" \/><\/a><\/p>\n<p style=\"text-align: center;\"><span style=\"color: #000000;\">Fussel mit 8 Wochen<\/span><\/p>\n<p style=\"text-align: center;\"><a href=\"http:\/\/cuddly-toy-robbers.de\/?attachment_id=7344\" rel=\"attachment wp-att-7344\"><img loading=\"lazy\" decoding=\"async\" class=\"alignnone size-medium wp-image-7344\" src=\"http:\/\/cuddly-toy-robbers.de\/wp-content\/uploads\/2017\/07\/Fussel-mit-8-Wochen-225x300.jpg\" alt=\"fussel-mit-8-wochen\" width=\"225\" height=\"300\" srcset=\"http:\/\/cuddly-toy-robbers.de\/wp-content\/uploads\/2017\/07\/Fussel-mit-8-Wochen-225x300.jpg 225w, http:\/\/cuddly-toy-robbers.de\/wp-content\/uploads\/2017\/07\/Fussel-mit-8-Wochen.jpg 450w\" sizes=\"auto, (max-width: 225px) 100vw, 225px\" \/><\/a><\/p>\n","protected":false},"excerpt":{"rendered":"<p>Quianna&#8217;s Luzi of Cuddly-Toy Robbers &#8222;Fussel&#8220; *17.04.2015 Im wohlverdienten Ruhestand \u00dcber Fussel: Eigentlich wollten wir sie Luzi rufen, eigentlich. Aber sie liebte es im Welpenzimmer den VetBeds das Flie\u00df raus zu ziehen. Meistens blieben ein paar Flusen in ihren Mundwinkeln &hellip; <a href=\"http:\/\/cuddly-toy-robbers.de\/?page_id=7334\">Weiterlesen <span class=\"meta-nav\">&rarr;<\/span><\/a><\/p>\n","protected":false},"author":2,"featured_media":0,"parent":320,"menu_order":10,"comment_status":"closed","ping_status":"closed","template":"","meta":{"footnotes":""},"class_list":["post-7334","page","type-page","status-publish","hentry"],"_links":{"self":[{"href":"http:\/\/cuddly-toy-robbers.de\/index.php?rest_route=\/wp\/v2\/pages\/7334","targetHints":{"allow":["GET"]}}],"collection":[{"href":"http:\/\/cuddly-toy-robbers.de\/index.php?rest_route=\/wp\/v2\/pages"}],"about":[{"href":"http:\/\/cuddly-toy-robbers.de\/index.php?rest_route=\/wp\/v2\/types\/page"}],"author":[{"embeddable":true,"href":"http:\/\/cuddly-toy-robbers.de\/index.php?rest_route=\/wp\/v2\/users\/2"}],"replies":[{"embeddable":true,"href":"http:\/\/cuddly-toy-robbers.de\/index.php?rest_route=%2Fwp%2Fv2%2Fcomments&post=7334"}],"version-history":[{"count":14,"href":"http:\/\/cuddly-toy-robbers.de\/index.php?rest_route=\/wp\/v2\/pages\/7334\/revisions"}],"predecessor-version":[{"id":9735,"href":"http:\/\/cuddly-toy-robbers.de\/index.php?rest_route=\/wp\/v2\/pages\/7334\/revisions\/9735"}],"up":[{"embeddable":true,"href":"http:\/\/cuddly-toy-robbers.de\/index.php?rest_route=\/wp\/v2\/pages\/320"}],"wp:attachment":[{"href":"http:\/\/cuddly-toy-robbers.de\/index.php?rest_route=%2Fwp%2Fv2%2Fmedia&parent=7334"}],"curies":[{"name":"wp","href":"https:\/\/api.w.org\/{rel}","templated":true}]}}