{"id":8161,"date":"2019-05-26T07:37:04","date_gmt":"2019-05-26T07:37:04","guid":{"rendered":"http:\/\/cuddly-toy-robbers.de\/?page_id=8161"},"modified":"2026-04-26T07:44:49","modified_gmt":"2026-04-26T07:44:49","slug":"alma","status":"publish","type":"page","link":"http:\/\/cuddly-toy-robbers.de\/?page_id=8161","title":{"rendered":"Alma"},"content":{"rendered":"<h2 style=\"text-align: center;\"><span style=\"color: #000000;\"><strong>Teddyb\u00f6rt Alma of Cuddly-Toy Robbers <\/strong><\/span><\/h2>\n<h2 style=\"text-align: center;\"><span style=\"color: #000000;\"><strong>&#8222;Alma&#8220; <\/strong><\/span><\/h2>\n<h3 style=\"text-align: center;\"><span style=\"color: #000000;\">* 21.02.2017<\/span><\/h3>\n<p style=\"text-align: center;\"><em>Im wohlverdienten Ruhestand<\/em><\/p>\n<p style=\"text-align: center;\"><img decoding=\"async\" class=\"aligncenter\" src=\"http:\/\/cuddly-toy-robbers.de\/wp-content\/uploads\/2021\/09\/IMG_3731-1.jpg\" alt=\"Dieses Bild hat ein leeres Alt-Attribut. Der Dateiname ist IMG_3731-1.jpg\" \/><\/p>\n<p style=\"text-align: center;\"><a href=\"http:\/\/cuddly-toy-robbers.de\/?attachment_id=8163\" rel=\"attachment wp-att-8163\"><img loading=\"lazy\" decoding=\"async\" class=\"alignnone size-medium wp-image-8163\" src=\"http:\/\/cuddly-toy-robbers.de\/wp-content\/uploads\/2019\/05\/Alma_-300x200.jpg\" alt=\"\" width=\"300\" height=\"200\" srcset=\"http:\/\/cuddly-toy-robbers.de\/wp-content\/uploads\/2019\/05\/Alma_-300x200.jpg 300w, http:\/\/cuddly-toy-robbers.de\/wp-content\/uploads\/2019\/05\/Alma_.jpg 600w\" sizes=\"auto, (max-width: 300px) 100vw, 300px\" \/><\/a> <a href=\"http:\/\/cuddly-toy-robbers.de\/?attachment_id=8164\" rel=\"attachment wp-att-8164\"><img loading=\"lazy\" decoding=\"async\" class=\"alignnone size-medium wp-image-8164\" src=\"http:\/\/cuddly-toy-robbers.de\/wp-content\/uploads\/2019\/05\/Alma_1-300x200.jpg\" alt=\"\" width=\"300\" height=\"200\" srcset=\"http:\/\/cuddly-toy-robbers.de\/wp-content\/uploads\/2019\/05\/Alma_1-300x200.jpg 300w, http:\/\/cuddly-toy-robbers.de\/wp-content\/uploads\/2019\/05\/Alma_1.jpg 600w\" sizes=\"auto, (max-width: 300px) 100vw, 300px\" \/><\/a><\/p>\n<p style=\"text-align: center;\"><span style=\"text-decoration: underline;\"><span style=\"color: #000000; text-decoration: underline;\"><strong>\u00dcber Alma:<\/strong><\/span><\/span><\/p>\n<p style=\"text-align: center;\"><span style=\"color: #000000;\">Alma ist Programm. Was sie nicht wei\u00df, bringt sie in Erfahrung. \u00dcberall l\u00e4uft sie Patroille. Steigt auf Anrichten, schaut in der Sp\u00fcle ob noch was drin ist und bringt so manche n\u00fctzliche Dinge wie: Telefon, Fernbedienung, Tafel Schokolade und Socken. Diese Dinge werden nat\u00fcrlich mit Halbbruder James geteilt. Aber: eine H\u00fcndin die ohne Leine beim Spaziergang verl\u00e4sslich reagiert.<br \/>\n<\/span><\/p>\n<p style=\"text-align: center;\"><span style=\"text-decoration: underline;\"><span style=\"color: #000000; text-decoration: underline;\"><strong>Alma&#8217;s Daten :<\/strong><\/span><\/span><\/p>\n<p style=\"text-align: center;\"><span style=\"color: #000000;\"><strong>HD : A2 \/ A2<\/strong><\/span><\/p>\n<p style=\"text-align: center;\"><span style=\"color: #000000;\"><strong>ED : frei \/ frei<\/strong><\/span><\/p>\n<p style=\"text-align: center;\"><span style=\"color: #000000;\"><strong>Augen frei am 24.08.2021<br \/>\n<\/strong><\/span><\/p>\n<p style=\"text-align: center;\"><span style=\"color: #000000;\"><strong>GR_PRA 1 und GR_PRA 2 frei<\/strong><\/span><\/p>\n<p style=\"text-align: center;\"><a href=\"http:\/\/www.k9data.com\/pedigree.asp?ID=985739\" target=\"_blank\" rel=\"noopener\"><span style=\"color: #ff0000;\"><strong>Pedigree<\/strong><\/span><\/a><\/p>\n<p style=\"text-align: center;\"><span style=\"color: #000000;\"><span style=\"text-decoration: underline;\">Wesenstest bestanden<\/span><\/span><\/p>\n<p style=\"text-align: center;\"><span style=\"color: #000000;\">Die 15 Monate alte Golden H\u00fcndin zeigte ein ausgeglichenes Bewegungsverhalten. Sie ist temperamentvoll. Das Spielverhalten ist in ausgepr\u00e4gter Form vorhanden. Sie ist \u00e4u\u00dferst aufmerksam. Ziele verfolgte sie ausdauernd. Das Beuteverhalten ist gut erkennbar.Die H\u00fcndin tr\u00e4gt und tr\u00e4gt zu. Sie hat eine gute Bindung und Unterordnungsbereitschaft. Im Umgang mit Fremdpersonen verhielt sie sich freundlich und sicher. In der Seitenlage und in der Gasse verhielt sie sich sicher. Im opt. und akust. Bereich ist sie belastbar. Die H\u00fcndin ist schussempfindlich. Sie erholt sich.<\/span><\/p>\n<p style=\"text-align: center;\"><span style=\"color: #000000;\">Richter Klaus Karrenberg<\/span><\/p>\n<hr \/>\n<p style=\"text-align: center;\"><span style=\"color: #000000;\">Formwert sehr gut<\/span><\/p>\n<p style=\"text-align: center;\"><span style=\"color: #000000;\">Gute Gr\u00f6\u00dfe, femininer Kopf, gute Augenfarbe, sehr gut getragener Behang, Nase etwas aufgehellt, sehr guter Stop, ausdrucksvoll, sehr gut gebaut, etwas Wamme, korrekte Linien u. Winkelungen, korrekter Bewegungsablauf.<\/span><\/p>\n<p style=\"text-align: center;\"><span style=\"color: #000000;\">Richter: Assenmacher-Feyel<\/span><\/p>\n<p style=\"text-align: center;\"><span style=\"color: #000000;\">Zuchtzulasung am: 13.05.2019<br \/>\n<\/span><\/p>\n<p style=\"text-align: center;\"><span style=\"text-decoration: underline;\"><span style=\"color: #000000;\"><strong>Alma als Welpe:<\/strong><\/span><\/span><\/p>\n<p style=\"text-align: center;\"><a href=\"http:\/\/cuddly-toy-robbers.de\/?attachment_id=8168\" rel=\"attachment wp-att-8168\"><img loading=\"lazy\" decoding=\"async\" class=\"alignnone size-medium wp-image-8168\" src=\"http:\/\/cuddly-toy-robbers.de\/wp-content\/uploads\/2019\/05\/Alma_2-300x225.jpg\" alt=\"\" width=\"300\" height=\"225\" srcset=\"http:\/\/cuddly-toy-robbers.de\/wp-content\/uploads\/2019\/05\/Alma_2-300x225.jpg 300w, http:\/\/cuddly-toy-robbers.de\/wp-content\/uploads\/2019\/05\/Alma_2.jpg 600w\" sizes=\"auto, (max-width: 300px) 100vw, 300px\" \/><\/a> <a href=\"http:\/\/cuddly-toy-robbers.de\/?attachment_id=8169\" rel=\"attachment wp-att-8169\"><img loading=\"lazy\" decoding=\"async\" class=\"alignnone size-medium wp-image-8169\" src=\"http:\/\/cuddly-toy-robbers.de\/wp-content\/uploads\/2019\/05\/Alma_3-300x225.jpg\" alt=\"\" width=\"300\" height=\"225\" srcset=\"http:\/\/cuddly-toy-robbers.de\/wp-content\/uploads\/2019\/05\/Alma_3-300x225.jpg 300w, http:\/\/cuddly-toy-robbers.de\/wp-content\/uploads\/2019\/05\/Alma_3.jpg 600w\" sizes=\"auto, (max-width: 300px) 100vw, 300px\" \/><\/a> <a href=\"http:\/\/cuddly-toy-robbers.de\/?attachment_id=8170\" rel=\"attachment wp-att-8170\"><img loading=\"lazy\" decoding=\"async\" class=\"alignnone size-medium wp-image-8170\" src=\"http:\/\/cuddly-toy-robbers.de\/wp-content\/uploads\/2019\/05\/Alma_4-300x225.jpg\" alt=\"\" width=\"300\" height=\"225\" srcset=\"http:\/\/cuddly-toy-robbers.de\/wp-content\/uploads\/2019\/05\/Alma_4-300x225.jpg 300w, http:\/\/cuddly-toy-robbers.de\/wp-content\/uploads\/2019\/05\/Alma_4.jpg 600w\" sizes=\"auto, (max-width: 300px) 100vw, 300px\" \/><\/a> <a href=\"http:\/\/cuddly-toy-robbers.de\/?attachment_id=8171\" rel=\"attachment wp-att-8171\"><img loading=\"lazy\" decoding=\"async\" class=\"alignnone size-medium wp-image-8171\" src=\"http:\/\/cuddly-toy-robbers.de\/wp-content\/uploads\/2019\/05\/Alma_5-300x225.jpg\" alt=\"\" width=\"300\" height=\"225\" srcset=\"http:\/\/cuddly-toy-robbers.de\/wp-content\/uploads\/2019\/05\/Alma_5-300x225.jpg 300w, http:\/\/cuddly-toy-robbers.de\/wp-content\/uploads\/2019\/05\/Alma_5.jpg 600w\" sizes=\"auto, (max-width: 300px) 100vw, 300px\" \/><\/a><\/p>\n","protected":false},"excerpt":{"rendered":"<p>Teddyb\u00f6rt Alma of Cuddly-Toy Robbers &#8222;Alma&#8220; * 21.02.2017 Im wohlverdienten Ruhestand \u00dcber Alma: Alma ist Programm. Was sie nicht wei\u00df, bringt sie in Erfahrung. \u00dcberall l\u00e4uft sie Patroille. Steigt auf Anrichten, schaut in der Sp\u00fcle ob noch was drin ist &hellip; <a href=\"http:\/\/cuddly-toy-robbers.de\/?page_id=8161\">Weiterlesen <span class=\"meta-nav\">&rarr;<\/span><\/a><\/p>\n","protected":false},"author":2,"featured_media":0,"parent":320,"menu_order":8,"comment_status":"closed","ping_status":"closed","template":"","meta":{"footnotes":""},"class_list":["post-8161","page","type-page","status-publish","hentry"],"_links":{"self":[{"href":"http:\/\/cuddly-toy-robbers.de\/index.php?rest_route=\/wp\/v2\/pages\/8161","targetHints":{"allow":["GET"]}}],"collection":[{"href":"http:\/\/cuddly-toy-robbers.de\/index.php?rest_route=\/wp\/v2\/pages"}],"about":[{"href":"http:\/\/cuddly-toy-robbers.de\/index.php?rest_route=\/wp\/v2\/types\/page"}],"author":[{"embeddable":true,"href":"http:\/\/cuddly-toy-robbers.de\/index.php?rest_route=\/wp\/v2\/users\/2"}],"replies":[{"embeddable":true,"href":"http:\/\/cuddly-toy-robbers.de\/index.php?rest_route=%2Fwp%2Fv2%2Fcomments&post=8161"}],"version-history":[{"count":11,"href":"http:\/\/cuddly-toy-robbers.de\/index.php?rest_route=\/wp\/v2\/pages\/8161\/revisions"}],"predecessor-version":[{"id":10724,"href":"http:\/\/cuddly-toy-robbers.de\/index.php?rest_route=\/wp\/v2\/pages\/8161\/revisions\/10724"}],"up":[{"embeddable":true,"href":"http:\/\/cuddly-toy-robbers.de\/index.php?rest_route=\/wp\/v2\/pages\/320"}],"wp:attachment":[{"href":"http:\/\/cuddly-toy-robbers.de\/index.php?rest_route=%2Fwp%2Fv2%2Fmedia&parent=8161"}],"curies":[{"name":"wp","href":"https:\/\/api.w.org\/{rel}","templated":true}]}}