{"id":8174,"date":"2019-05-26T14:04:43","date_gmt":"2019-05-26T14:04:43","guid":{"rendered":"http:\/\/cuddly-toy-robbers.de\/?page_id=8174"},"modified":"2026-04-26T07:45:35","modified_gmt":"2026-04-26T07:45:35","slug":"james","status":"publish","type":"page","link":"http:\/\/cuddly-toy-robbers.de\/?page_id=8174","title":{"rendered":"James"},"content":{"rendered":"<h2 style=\"text-align: center;\"><span style=\"color: #000000;\"><strong>Ganwales Soul Connection <\/strong><\/span><\/h2>\n<h2 style=\"text-align: center;\"><span style=\"color: #000000;\"><strong>&#8222;James&#8220;<\/strong><\/span><\/h2>\n<h3 style=\"text-align: center;\"><span style=\"color: #000000;\">*08.05.2017<\/span><\/h3>\n<p style=\"text-align: center;\"><strong><span style=\"color: #000000;\">Familienhund<\/span><\/strong><\/p>\n<p style=\"text-align: center;\"><span style=\"color: #000000;\"> <a href=\"http:\/\/cuddly-toy-robbers.de\/?attachment_id=8544\" rel=\"attachment wp-att-8544\"><img loading=\"lazy\" decoding=\"async\" class=\"alignnone size-full wp-image-8544\" src=\"http:\/\/cuddly-toy-robbers.de\/wp-content\/uploads\/2019\/12\/77315322_2001587019877755_310418598109642752_o.jpg\" alt=\"\" width=\"600\" height=\"600\" srcset=\"http:\/\/cuddly-toy-robbers.de\/wp-content\/uploads\/2019\/12\/77315322_2001587019877755_310418598109642752_o.jpg 600w, http:\/\/cuddly-toy-robbers.de\/wp-content\/uploads\/2019\/12\/77315322_2001587019877755_310418598109642752_o-500x500.jpg 500w, http:\/\/cuddly-toy-robbers.de\/wp-content\/uploads\/2019\/12\/77315322_2001587019877755_310418598109642752_o-300x300.jpg 300w\" sizes=\"auto, (max-width: 600px) 100vw, 600px\" \/><\/a><\/span><\/p>\n<p style=\"text-align: center;\"><a href=\"http:\/\/cuddly-toy-robbers.de\/?attachment_id=9893\" rel=\"attachment wp-att-9893\"><img loading=\"lazy\" decoding=\"async\" class=\"aligncenter size-medium wp-image-9893\" src=\"http:\/\/cuddly-toy-robbers.de\/wp-content\/uploads\/2022\/05\/IMG_4122-1-300x200.jpg\" alt=\"\" width=\"300\" height=\"200\" srcset=\"http:\/\/cuddly-toy-robbers.de\/wp-content\/uploads\/2022\/05\/IMG_4122-1-300x200.jpg 300w, http:\/\/cuddly-toy-robbers.de\/wp-content\/uploads\/2022\/05\/IMG_4122-1.jpg 600w\" sizes=\"auto, (max-width: 300px) 100vw, 300px\" \/><\/a><\/p>\n<p style=\"text-align: center;\"><em><strong>28.08.2021 Bilder vom Dummyseminar, vielen lieben Dank an Maren Sieler.<\/strong><\/em><\/p>\n<p><a href=\"http:\/\/cuddly-toy-robbers.de\/?attachment_id=9502\" rel=\"attachment wp-att-9502\"><img loading=\"lazy\" decoding=\"async\" class=\"alignnone size-medium wp-image-9502\" src=\"http:\/\/cuddly-toy-robbers.de\/wp-content\/uploads\/2021\/09\/1-300x200.jpg\" alt=\"\" width=\"300\" height=\"200\" srcset=\"http:\/\/cuddly-toy-robbers.de\/wp-content\/uploads\/2021\/09\/1-300x200.jpg 300w, http:\/\/cuddly-toy-robbers.de\/wp-content\/uploads\/2021\/09\/1.jpg 600w\" sizes=\"auto, (max-width: 300px) 100vw, 300px\" \/><\/a> <a href=\"http:\/\/cuddly-toy-robbers.de\/?attachment_id=9503\" rel=\"attachment wp-att-9503\"><img loading=\"lazy\" decoding=\"async\" class=\"alignnone size-medium wp-image-9503\" src=\"http:\/\/cuddly-toy-robbers.de\/wp-content\/uploads\/2021\/09\/2-300x200.jpg\" alt=\"\" width=\"300\" height=\"200\" srcset=\"http:\/\/cuddly-toy-robbers.de\/wp-content\/uploads\/2021\/09\/2-300x200.jpg 300w, http:\/\/cuddly-toy-robbers.de\/wp-content\/uploads\/2021\/09\/2.jpg 600w\" sizes=\"auto, (max-width: 300px) 100vw, 300px\" \/><\/a> <a href=\"http:\/\/cuddly-toy-robbers.de\/?attachment_id=9504\" rel=\"attachment wp-att-9504\"><img loading=\"lazy\" decoding=\"async\" class=\"alignnone size-medium wp-image-9504\" src=\"http:\/\/cuddly-toy-robbers.de\/wp-content\/uploads\/2021\/09\/3-300x200.jpg\" alt=\"\" width=\"300\" height=\"200\" srcset=\"http:\/\/cuddly-toy-robbers.de\/wp-content\/uploads\/2021\/09\/3-300x200.jpg 300w, http:\/\/cuddly-toy-robbers.de\/wp-content\/uploads\/2021\/09\/3.jpg 600w\" sizes=\"auto, (max-width: 300px) 100vw, 300px\" \/><\/a> <a href=\"http:\/\/cuddly-toy-robbers.de\/?attachment_id=9505\" rel=\"attachment wp-att-9505\"><img loading=\"lazy\" decoding=\"async\" class=\"alignnone size-medium wp-image-9505\" src=\"http:\/\/cuddly-toy-robbers.de\/wp-content\/uploads\/2021\/09\/4-300x200.jpg\" alt=\"\" width=\"300\" height=\"200\" srcset=\"http:\/\/cuddly-toy-robbers.de\/wp-content\/uploads\/2021\/09\/4-300x200.jpg 300w, http:\/\/cuddly-toy-robbers.de\/wp-content\/uploads\/2021\/09\/4.jpg 600w\" sizes=\"auto, (max-width: 300px) 100vw, 300px\" \/><\/a> <a href=\"http:\/\/cuddly-toy-robbers.de\/?attachment_id=9506\" rel=\"attachment wp-att-9506\"><img loading=\"lazy\" decoding=\"async\" class=\"alignnone size-medium wp-image-9506\" src=\"http:\/\/cuddly-toy-robbers.de\/wp-content\/uploads\/2021\/09\/5-300x200.jpg\" alt=\"\" width=\"300\" height=\"200\" srcset=\"http:\/\/cuddly-toy-robbers.de\/wp-content\/uploads\/2021\/09\/5-300x200.jpg 300w, http:\/\/cuddly-toy-robbers.de\/wp-content\/uploads\/2021\/09\/5.jpg 600w\" sizes=\"auto, (max-width: 300px) 100vw, 300px\" \/><\/a> <a href=\"http:\/\/cuddly-toy-robbers.de\/?attachment_id=9507\" rel=\"attachment wp-att-9507\"><img loading=\"lazy\" decoding=\"async\" class=\"alignnone size-medium wp-image-9507\" src=\"http:\/\/cuddly-toy-robbers.de\/wp-content\/uploads\/2021\/09\/6-300x200.jpg\" alt=\"\" width=\"300\" height=\"200\" srcset=\"http:\/\/cuddly-toy-robbers.de\/wp-content\/uploads\/2021\/09\/6-300x200.jpg 300w, http:\/\/cuddly-toy-robbers.de\/wp-content\/uploads\/2021\/09\/6.jpg 600w\" sizes=\"auto, (max-width: 300px) 100vw, 300px\" \/><\/a><\/p>\n<p><a href=\"http:\/\/cuddly-toy-robbers.de\/?attachment_id=9053\" rel=\"attachment wp-att-9053\"><img loading=\"lazy\" decoding=\"async\" class=\"size-medium wp-image-9053 aligncenter\" src=\"http:\/\/cuddly-toy-robbers.de\/wp-content\/uploads\/2021\/01\/IMG_3506-300x200.jpg\" alt=\"\" width=\"300\" height=\"200\" srcset=\"http:\/\/cuddly-toy-robbers.de\/wp-content\/uploads\/2021\/01\/IMG_3506-300x200.jpg 300w, http:\/\/cuddly-toy-robbers.de\/wp-content\/uploads\/2021\/01\/IMG_3506.jpg 600w\" sizes=\"auto, (max-width: 300px) 100vw, 300px\" \/><\/a><\/p>\n<p style=\"text-align: center;\"><span style=\"color: #000000;\"><strong><span style=\"text-decoration: underline;\">\u00dcber James:<\/span><\/strong><\/span><\/p>\n<p style=\"text-align: center;\"><span style=\"color: #000000;\">Ein Bube, ein langersehnter Bube soll es sein. Und so kam James in unser Rudel. Ein gro\u00dfes Dankesch\u00f6n an Michaela f\u00fcr dein Vertrauen. James ist nicht Hahn im Korb, die M\u00e4dels passen da schon auf. \ud83d\ude09 Mit seiner \u00e4lteren Halbschwester Alma ist es ein lustiges Gespann. Was die eine nicht weiss, weiss der andere. Oder umgekehrt.<\/span><\/p>\n<div id=\"attachment_8680\" style=\"width: 310px\" class=\"wp-caption alignright\"><a href=\"http:\/\/cuddly-toy-robbers.de\/?attachment_id=8680\" rel=\"attachment wp-att-8680\"><img loading=\"lazy\" decoding=\"async\" aria-describedby=\"caption-attachment-8680\" class=\"size-medium wp-image-8680\" src=\"http:\/\/cuddly-toy-robbers.de\/wp-content\/uploads\/2020\/04\/IMG_3127-300x200.jpg\" alt=\"\" width=\"300\" height=\"200\" srcset=\"http:\/\/cuddly-toy-robbers.de\/wp-content\/uploads\/2020\/04\/IMG_3127-300x200.jpg 300w, http:\/\/cuddly-toy-robbers.de\/wp-content\/uploads\/2020\/04\/IMG_3127.jpg 600w\" sizes=\"auto, (max-width: 300px) 100vw, 300px\" \/><\/a><p id=\"caption-attachment-8680\" class=\"wp-caption-text\">James<\/p><\/div>\n<p style=\"text-align: center;\"><span style=\"text-decoration: underline;\"><span style=\"color: #000000; text-decoration: underline;\"><strong>James Daten:<\/strong><\/span><\/span><\/p>\n<p style=\"text-align: center;\"><strong>HD : A2 \/ A2<\/strong><\/p>\n<p style=\"text-align: center;\"><strong>ED : frei \/ frei<\/strong><\/p>\n<p style=\"text-align: center;\"><strong>Augen frei am 29.03.2021<br \/>\n<\/strong><\/p>\n<p style=\"text-align: center;\"><strong>GR_PRA 1 und GR_PRA 2 frei<br \/>\n<\/strong><\/p>\n<p style=\"text-align: center;\"><a href=\"http:\/\/www.k9data.com\/pedigree.asp?ID=985762\" target=\"_blank\" rel=\"noopener noreferrer\"><span style=\"color: #0000ff;\"><strong><span style=\"color: #0000ff;\">Pedigree<\/span><\/strong><\/span><\/a><\/p>\n<p style=\"text-align: center;\"><a href=\"http:\/\/cuddly-toy-robbers.de\/?attachment_id=8547\" rel=\"attachment wp-att-8547\"><img loading=\"lazy\" decoding=\"async\" class=\"alignnone size-medium wp-image-8547\" src=\"http:\/\/cuddly-toy-robbers.de\/wp-content\/uploads\/2019\/12\/75627342_1973200406049750_1536010485508341760_o-223x300.jpg\" alt=\"\" width=\"223\" height=\"300\" srcset=\"http:\/\/cuddly-toy-robbers.de\/wp-content\/uploads\/2019\/12\/75627342_1973200406049750_1536010485508341760_o-223x300.jpg 223w, http:\/\/cuddly-toy-robbers.de\/wp-content\/uploads\/2019\/12\/75627342_1973200406049750_1536010485508341760_o.jpg 446w\" sizes=\"auto, (max-width: 223px) 100vw, 223px\" \/><\/a><\/p>\n<p style=\"text-align: center;\"><span style=\"color: #000000;\"><span style=\"color: #000000;\">Wesenstest bestanden<\/span><strong><span style=\"color: #000000;\"><br \/>\n<\/span><\/strong><\/span><\/p>\n<p style=\"text-align: center;\"><span style=\"color: #000000;\">Der 12 Monate alte Golden R\u00fcde verhielt sich temperamentvoll und bewegungsfreudig. Das Spielverhalten ist in ausgepr\u00e4gter Form vorhanden. Er ist aufmerksam. Ausdauernd ist er im Verfolgen eines Ziels. Das Beuteverhalten ist in sehr stark ausgepr\u00e4gter Form vorhanden. Er tr\u00e4gt und tr\u00e4gt freudig zu. Er hat ein gute Bindung und zeigte eine sehr gute Unterordnungsbereitschaft mit Tendenzen zur Unterw\u00fcrfigkeit. Beim Spiel mit einzelnen Fremdpersonen freundlich und sehr zutraulich. In der Seitenlage verhielt er sich sicher, in der Gasse kurzfristig Unsicherheit. Er erholt sich sehr schnell. Im opt. und akust. Bereich ist er belastbar. Der R\u00fcde ist schusssicher.<\/span><\/p>\n<p style=\"text-align: center;\"><span style=\"color: #000000;\">Richter Karrenberg<\/span><\/p>\n<p style=\"text-align: center;\"><span style=\"color: #000000;\">&#8212;&#8212;&#8212;&#8212;&#8212;&#8212;&#8212;&#8212;&#8212;&#8212;&#8212;&#8212;&#8212;&#8212;-<\/span><\/p>\n<p style=\"text-align: center;\"><span style=\"color: #000000;\">Begleithundepr\u00fcfung bestanden<\/span><\/p>\n<p style=\"text-align: center;\"><a href=\"http:\/\/cuddly-toy-robbers.de\/?attachment_id=8743\" rel=\"attachment wp-att-8743\"><img loading=\"lazy\" decoding=\"async\" class=\"alignnone size-medium wp-image-8743\" src=\"http:\/\/cuddly-toy-robbers.de\/wp-content\/uploads\/2020\/09\/20200919_121344-300x238.jpg\" alt=\"\" width=\"300\" height=\"238\" srcset=\"http:\/\/cuddly-toy-robbers.de\/wp-content\/uploads\/2020\/09\/20200919_121344-300x238.jpg 300w, http:\/\/cuddly-toy-robbers.de\/wp-content\/uploads\/2020\/09\/20200919_121344.jpg 600w\" sizes=\"auto, (max-width: 300px) 100vw, 300px\" \/><\/a><\/p>\n<p style=\"text-align: center;\"><span style=\"color: #000000;\">&#8212;&#8212;&#8212;&#8212;&#8212;&#8212;&#8212;&#8212;&#8212;&#8212;&#8212;&#8212;&#8212;&#8212;<\/span><\/p>\n<p style=\"text-align: center;\"><span style=\"color: #000000;\">Formwert vorz\u00fcglich<\/span><\/p>\n<p style=\"text-align: center;\"><span style=\"color: #000000;\">Gute Gr\u00f6\u00dfe, maskuliner Kopf, dunkle Augen, vorz\u00fcglich getragener Behang, viel Pigment, sehr ausdrucksvoll, vorz\u00fcgliches Geb\u00e4ude, korrekte Linien u. Winkelungen, bewegt sich frei.<\/span><\/p>\n<p style=\"text-align: center;\"><span style=\"color: #000000;\">Richter: Assenmacher-Feyel<\/span><\/p>\n<p style=\"text-align: center;\"><span style=\"color: #000000;\">Typisch James:<\/span><\/p>\n<p style=\"text-align: center;\"><a href=\"http:\/\/cuddly-toy-robbers.de\/?attachment_id=8191\" rel=\"attachment wp-att-8191\"><img loading=\"lazy\" decoding=\"async\" class=\"alignnone size-medium wp-image-8191\" src=\"http:\/\/cuddly-toy-robbers.de\/wp-content\/uploads\/2019\/05\/IMG_2252-300x200.jpg\" alt=\"\" width=\"300\" height=\"200\" srcset=\"http:\/\/cuddly-toy-robbers.de\/wp-content\/uploads\/2019\/05\/IMG_2252-300x200.jpg 300w, http:\/\/cuddly-toy-robbers.de\/wp-content\/uploads\/2019\/05\/IMG_2252.jpg 600w\" sizes=\"auto, (max-width: 300px) 100vw, 300px\" \/><\/a> <a href=\"http:\/\/cuddly-toy-robbers.de\/?attachment_id=8185\" rel=\"attachment wp-att-8185\"><img loading=\"lazy\" decoding=\"async\" class=\"alignnone size-medium wp-image-8185\" src=\"http:\/\/cuddly-toy-robbers.de\/wp-content\/uploads\/2019\/05\/James_8-300x200.jpg\" alt=\"\" width=\"300\" height=\"200\" srcset=\"http:\/\/cuddly-toy-robbers.de\/wp-content\/uploads\/2019\/05\/James_8-300x200.jpg 300w, http:\/\/cuddly-toy-robbers.de\/wp-content\/uploads\/2019\/05\/James_8.jpg 600w\" sizes=\"auto, (max-width: 300px) 100vw, 300px\" \/><\/a><\/p>\n<p style=\"text-align: center;\"><span style=\"color: #000000;\">James und seine M\u00e4dels:<\/span><\/p>\n<p style=\"text-align: center;\"><a href=\"http:\/\/cuddly-toy-robbers.de\/?attachment_id=8188\" rel=\"attachment wp-att-8188\"><img loading=\"lazy\" decoding=\"async\" class=\"alignnone size-medium wp-image-8188\" src=\"http:\/\/cuddly-toy-robbers.de\/wp-content\/uploads\/2019\/05\/James_6-300x169.jpg\" alt=\"\" width=\"300\" height=\"169\" srcset=\"http:\/\/cuddly-toy-robbers.de\/wp-content\/uploads\/2019\/05\/James_6-300x169.jpg 300w, http:\/\/cuddly-toy-robbers.de\/wp-content\/uploads\/2019\/05\/James_6.jpg 600w\" sizes=\"auto, (max-width: 300px) 100vw, 300px\" \/><\/a> <a href=\"http:\/\/cuddly-toy-robbers.de\/?attachment_id=8187\" rel=\"attachment wp-att-8187\"><img loading=\"lazy\" decoding=\"async\" class=\"alignnone size-medium wp-image-8187\" src=\"http:\/\/cuddly-toy-robbers.de\/wp-content\/uploads\/2019\/05\/IMG-20170717-WA0005-300x169.jpg\" alt=\"\" width=\"300\" height=\"169\" srcset=\"http:\/\/cuddly-toy-robbers.de\/wp-content\/uploads\/2019\/05\/IMG-20170717-WA0005-300x169.jpg 300w, http:\/\/cuddly-toy-robbers.de\/wp-content\/uploads\/2019\/05\/IMG-20170717-WA0005.jpg 600w\" sizes=\"auto, (max-width: 300px) 100vw, 300px\" \/><\/a> <a href=\"http:\/\/cuddly-toy-robbers.de\/?attachment_id=8190\" rel=\"attachment wp-att-8190\"><img loading=\"lazy\" decoding=\"async\" class=\"alignnone size-medium wp-image-8190\" src=\"http:\/\/cuddly-toy-robbers.de\/wp-content\/uploads\/2019\/05\/James_7-300x225.jpg\" alt=\"\" width=\"300\" height=\"225\" srcset=\"http:\/\/cuddly-toy-robbers.de\/wp-content\/uploads\/2019\/05\/James_7-300x225.jpg 300w, http:\/\/cuddly-toy-robbers.de\/wp-content\/uploads\/2019\/05\/James_7.jpg 600w\" sizes=\"auto, (max-width: 300px) 100vw, 300px\" \/><\/a><\/p>\n<p style=\"text-align: center;\"><span style=\"color: #000000;\">James im ersten Jahr:<\/span><\/p>\n<p style=\"text-align: center;\"><a href=\"http:\/\/cuddly-toy-robbers.de\/?attachment_id=8181\" rel=\"attachment wp-att-8181\"><img loading=\"lazy\" decoding=\"async\" class=\"alignnone size-medium wp-image-8181\" src=\"http:\/\/cuddly-toy-robbers.de\/wp-content\/uploads\/2019\/05\/James_4-225x300.jpg\" alt=\"\" width=\"225\" height=\"300\" srcset=\"http:\/\/cuddly-toy-robbers.de\/wp-content\/uploads\/2019\/05\/James_4-225x300.jpg 225w, http:\/\/cuddly-toy-robbers.de\/wp-content\/uploads\/2019\/05\/James_4.jpg 450w\" sizes=\"auto, (max-width: 225px) 100vw, 225px\" \/><\/a> <a href=\"http:\/\/cuddly-toy-robbers.de\/?attachment_id=8179\" rel=\"attachment wp-att-8179\"><img loading=\"lazy\" decoding=\"async\" class=\"alignnone size-medium wp-image-8179\" src=\"http:\/\/cuddly-toy-robbers.de\/wp-content\/uploads\/2019\/05\/James_2-225x300.jpg\" alt=\"\" width=\"225\" height=\"300\" srcset=\"http:\/\/cuddly-toy-robbers.de\/wp-content\/uploads\/2019\/05\/James_2-225x300.jpg 225w, http:\/\/cuddly-toy-robbers.de\/wp-content\/uploads\/2019\/05\/James_2.jpg 450w\" sizes=\"auto, (max-width: 225px) 100vw, 225px\" \/><\/a><\/p>\n<p style=\"text-align: center;\"><span style=\"color: #000000;\">James als Welpe:<\/span><\/p>\n<p style=\"text-align: center;\"><a href=\"http:\/\/cuddly-toy-robbers.de\/?attachment_id=8178\" rel=\"attachment wp-att-8178\"><img loading=\"lazy\" decoding=\"async\" class=\"alignnone size-medium wp-image-8178\" src=\"http:\/\/cuddly-toy-robbers.de\/wp-content\/uploads\/2019\/05\/James_1-169x300.jpg\" alt=\"\" width=\"169\" height=\"300\" srcset=\"http:\/\/cuddly-toy-robbers.de\/wp-content\/uploads\/2019\/05\/James_1-169x300.jpg 169w, http:\/\/cuddly-toy-robbers.de\/wp-content\/uploads\/2019\/05\/James_1.jpg 338w\" sizes=\"auto, (max-width: 169px) 100vw, 169px\" \/><\/a> <a href=\"http:\/\/cuddly-toy-robbers.de\/?attachment_id=8177\" rel=\"attachment wp-att-8177\"><img loading=\"lazy\" decoding=\"async\" class=\"alignnone size-medium wp-image-8177\" src=\"http:\/\/cuddly-toy-robbers.de\/wp-content\/uploads\/2019\/05\/James-224x300.jpg\" alt=\"\" width=\"224\" height=\"300\" srcset=\"http:\/\/cuddly-toy-robbers.de\/wp-content\/uploads\/2019\/05\/James-224x300.jpg 224w, http:\/\/cuddly-toy-robbers.de\/wp-content\/uploads\/2019\/05\/James.jpg 448w\" sizes=\"auto, (max-width: 224px) 100vw, 224px\" \/><\/a><\/p>\n","protected":false},"excerpt":{"rendered":"<p>Ganwales Soul Connection &#8222;James&#8220; *08.05.2017 Familienhund 28.08.2021 Bilder vom Dummyseminar, vielen lieben Dank an Maren Sieler. \u00dcber James: Ein Bube, ein langersehnter Bube soll es sein. Und so kam James in unser Rudel. Ein gro\u00dfes Dankesch\u00f6n an Michaela f\u00fcr dein &hellip; <a href=\"http:\/\/cuddly-toy-robbers.de\/?page_id=8174\">Weiterlesen <span class=\"meta-nav\">&rarr;<\/span><\/a><\/p>\n","protected":false},"author":2,"featured_media":0,"parent":320,"menu_order":7,"comment_status":"closed","ping_status":"closed","template":"","meta":{"footnotes":""},"class_list":["post-8174","page","type-page","status-publish","hentry"],"_links":{"self":[{"href":"http:\/\/cuddly-toy-robbers.de\/index.php?rest_route=\/wp\/v2\/pages\/8174","targetHints":{"allow":["GET"]}}],"collection":[{"href":"http:\/\/cuddly-toy-robbers.de\/index.php?rest_route=\/wp\/v2\/pages"}],"about":[{"href":"http:\/\/cuddly-toy-robbers.de\/index.php?rest_route=\/wp\/v2\/types\/page"}],"author":[{"embeddable":true,"href":"http:\/\/cuddly-toy-robbers.de\/index.php?rest_route=\/wp\/v2\/users\/2"}],"replies":[{"embeddable":true,"href":"http:\/\/cuddly-toy-robbers.de\/index.php?rest_route=%2Fwp%2Fv2%2Fcomments&post=8174"}],"version-history":[{"count":19,"href":"http:\/\/cuddly-toy-robbers.de\/index.php?rest_route=\/wp\/v2\/pages\/8174\/revisions"}],"predecessor-version":[{"id":10725,"href":"http:\/\/cuddly-toy-robbers.de\/index.php?rest_route=\/wp\/v2\/pages\/8174\/revisions\/10725"}],"up":[{"embeddable":true,"href":"http:\/\/cuddly-toy-robbers.de\/index.php?rest_route=\/wp\/v2\/pages\/320"}],"wp:attachment":[{"href":"http:\/\/cuddly-toy-robbers.de\/index.php?rest_route=%2Fwp%2Fv2%2Fmedia&parent=8174"}],"curies":[{"name":"wp","href":"https:\/\/api.w.org\/{rel}","templated":true}]}}