{"id":9212,"date":"2021-03-17T11:42:54","date_gmt":"2021-03-17T11:42:54","guid":{"rendered":"http:\/\/cuddly-toy-robbers.de\/?page_id=9212"},"modified":"2026-04-26T08:00:35","modified_gmt":"2026-04-26T08:00:35","slug":"rudy","status":"publish","type":"page","link":"http:\/\/cuddly-toy-robbers.de\/?page_id=9212","title":{"rendered":"Rudy"},"content":{"rendered":"\n<p class=\"has-text-align-center has-black-color has-text-color has-medium-font-size\"><strong><em>Whirlwind Rudy of Cuddly-Toy Robbers<\/em><\/strong><\/p>\n\n\n\n<p class=\"has-text-align-center has-black-color has-text-color has-medium-font-size\">&#8222;<strong><em>Rudy&#8220;<\/em><\/strong><\/p>\n\n\n\n<p class=\"has-text-align-center has-black-color has-text-color has-medium-font-size\"><em>* 29.09.2019<\/em><\/p>\n\n\n<div class=\"wp-block-image\">\n<figure class=\"aligncenter size-full\"><img loading=\"lazy\" decoding=\"async\" width=\"600\" height=\"400\" src=\"http:\/\/cuddly-toy-robbers.de\/wp-content\/uploads\/2021\/09\/IMG_3714-1.jpg\" alt=\"\" class=\"wp-image-9573\" srcset=\"http:\/\/cuddly-toy-robbers.de\/wp-content\/uploads\/2021\/09\/IMG_3714-1.jpg 600w, http:\/\/cuddly-toy-robbers.de\/wp-content\/uploads\/2021\/09\/IMG_3714-1-300x200.jpg 300w\" sizes=\"auto, (max-width: 600px) 100vw, 600px\" \/><\/figure>\n<\/div>\n\n<div class=\"wp-block-image\">\n<figure class=\"aligncenter size-full\"><img loading=\"lazy\" decoding=\"async\" width=\"600\" height=\"338\" src=\"http:\/\/cuddly-toy-robbers.de\/wp-content\/uploads\/2021\/09\/IMG_3638-2.jpg\" alt=\"\" class=\"wp-image-9570\" srcset=\"http:\/\/cuddly-toy-robbers.de\/wp-content\/uploads\/2021\/09\/IMG_3638-2.jpg 600w, http:\/\/cuddly-toy-robbers.de\/wp-content\/uploads\/2021\/09\/IMG_3638-2-300x169.jpg 300w\" sizes=\"auto, (max-width: 600px) 100vw, 600px\" \/><\/figure>\n<\/div>\n\n\n<figure class=\"wp-block-gallery has-nested-images columns-default is-cropped wp-block-gallery-1 is-layout-flex wp-block-gallery-is-layout-flex\">\n<figure class=\"wp-block-image size-large\"><img loading=\"lazy\" decoding=\"async\" width=\"600\" height=\"450\" data-id=\"9249\" src=\"http:\/\/cuddly-toy-robbers.de\/wp-content\/uploads\/2021\/04\/IMG_0281.jpg\" alt=\"\" class=\"wp-image-9249\" srcset=\"http:\/\/cuddly-toy-robbers.de\/wp-content\/uploads\/2021\/04\/IMG_0281.jpg 600w, http:\/\/cuddly-toy-robbers.de\/wp-content\/uploads\/2021\/04\/IMG_0281-300x225.jpg 300w\" sizes=\"auto, (max-width: 600px) 100vw, 600px\" \/><\/figure>\n\n\n\n<figure class=\"wp-block-image size-large\"><img loading=\"lazy\" decoding=\"async\" width=\"600\" height=\"452\" data-id=\"9248\" src=\"http:\/\/cuddly-toy-robbers.de\/wp-content\/uploads\/2021\/04\/IMG_3392.jpg\" alt=\"\" class=\"wp-image-9248\" srcset=\"http:\/\/cuddly-toy-robbers.de\/wp-content\/uploads\/2021\/04\/IMG_3392.jpg 600w, http:\/\/cuddly-toy-robbers.de\/wp-content\/uploads\/2021\/04\/IMG_3392-300x226.jpg 300w\" sizes=\"auto, (max-width: 600px) 100vw, 600px\" \/><\/figure>\n<\/figure>\n\n\n\n<p class=\"has-text-align-center has-medium-font-size\"><em><strong>\u00dcber Rudy:<\/strong><\/em><\/p>\n\n\n\n<p class=\"has-text-align-center\"><em>Unsere Rudy R\u00fcssel und ja, es ist ein M\u00e4del, weiss alles und will alles wissen. Der gro\u00dfe Onkel James hilft nat\u00fcrlich wo er nur kann. \ud83d\ude09 Aber sie kann auch eine sehr gro\u00dfe Ruhe ausstrahlen. Wir sind gespannt wie Rudy sich weiter entwickelt.<\/em><\/p>\n\n\n\n<p class=\"has-text-align-center has-medium-font-size\"><strong><em>Rudy&#8217;s Daten:<\/em><\/strong><\/p>\n\n\n\n<p class=\"has-text-align-center has-normal-font-size\"><strong><em>Zuchtzulassung am: 02.09.2021<\/em><\/strong><\/p>\n\n\n\n<p class=\"has-text-align-center\"><em>HD : A2\/B1<\/em><\/p>\n\n\n\n<p class=\"has-text-align-center\"><em>ED : frei\/frei<\/em><\/p>\n\n\n\n<p class=\"has-text-align-center\"><em>Augen frei am 25.03.2025<\/em><\/p>\n\n\n\n<p class=\"has-text-align-center\"><em>Gonio: frei vom 17.04.2023<\/em><\/p>\n\n\n\n<p class=\"has-text-align-center\"><em>GR_PRA 1 \u00fcber Erbgang frei, GR_PRA 2 frei, prcd-PRA frei<\/em><\/p>\n\n\n\n<p class=\"has-text-align-center\"><em>NCL5-Gentest:frei<\/em><\/p>\n\n\n\n<p class=\"has-text-align-center has-text-color has-medium-font-size\" style=\"color:#cd071e\"><strong><em><a rel=\"noreferrer noopener\" href=\"https:\/\/www.k9data.com\/pedigree.asp?ID=1157924\" data-type=\"URL\" data-id=\"https:\/\/www.k9data.com\/pedigree.asp?ID=1157924\" target=\"_blank\">Pedigree<\/a><\/em><\/strong><\/p>\n\n\n\n<p class=\"has-text-align-center has-medium-font-size\"><strong><em>Pr\u00fcfungen<\/em><\/strong>:<\/p>\n\n\n\n<p class=\"has-text-align-center\"><strong><em>Wesenstest<\/em> bestanden<\/strong><\/p>\n\n\n\n<p class=\"has-text-align-center\"><em>&#8222;Eine junge, freundliche Golden H\u00fcndin, die sich Menschen gegen\u00fcber sicher und aufgeschlossen zeigt und den Test souver\u00e4n durchl\u00e4uft.&#8220;<\/em><\/p>\n\n\n\n<p class=\"has-text-align-center\"><em>Richterin Eyleen Besser<\/em><\/p>\n\n\n\n<p class=\"has-text-align-center\"><strong><em>Formwert: sg<\/em><\/strong><\/p>\n\n\n\n<p class=\"has-text-align-center\"><em>Gute Gr\u00f6\u00dfe, femininer Kopf, dunkle Augen, sehr gut getragener Behang, ausdrucksvoll. Sehr gut gebaut, korrekte Linien und Winkelungen, bewegt sich gut.<\/em><\/p>\n\n\n\n<p class=\"has-text-align-center has-medium-font-size\"><strong><em>Rudy als Junghund:<\/em><\/strong><\/p>\n\n\n\n<figure class=\"wp-block-gallery has-nested-images columns-2 is-cropped wp-block-gallery-2 is-layout-flex wp-block-gallery-is-layout-flex\">\n<figure class=\"wp-block-image size-large\"><img loading=\"lazy\" decoding=\"async\" width=\"600\" height=\"400\" data-id=\"9247\" src=\"http:\/\/cuddly-toy-robbers.de\/wp-content\/uploads\/2021\/04\/IMG_3389.jpg\" alt=\"\" class=\"wp-image-9247\" srcset=\"http:\/\/cuddly-toy-robbers.de\/wp-content\/uploads\/2021\/04\/IMG_3389.jpg 600w, http:\/\/cuddly-toy-robbers.de\/wp-content\/uploads\/2021\/04\/IMG_3389-300x200.jpg 300w\" sizes=\"auto, (max-width: 600px) 100vw, 600px\" \/><\/figure>\n\n\n\n<figure class=\"wp-block-image size-large\"><img loading=\"lazy\" decoding=\"async\" width=\"600\" height=\"400\" data-id=\"9246\" src=\"http:\/\/cuddly-toy-robbers.de\/wp-content\/uploads\/2021\/04\/IMG_3382.jpg\" alt=\"\" class=\"wp-image-9246\" srcset=\"http:\/\/cuddly-toy-robbers.de\/wp-content\/uploads\/2021\/04\/IMG_3382.jpg 600w, http:\/\/cuddly-toy-robbers.de\/wp-content\/uploads\/2021\/04\/IMG_3382-300x200.jpg 300w\" sizes=\"auto, (max-width: 600px) 100vw, 600px\" \/><\/figure>\n\n\n\n<figure class=\"wp-block-image size-large\"><img loading=\"lazy\" decoding=\"async\" width=\"600\" height=\"400\" data-id=\"9245\" src=\"http:\/\/cuddly-toy-robbers.de\/wp-content\/uploads\/2021\/04\/IMG_3112.jpg\" alt=\"\" class=\"wp-image-9245\" srcset=\"http:\/\/cuddly-toy-robbers.de\/wp-content\/uploads\/2021\/04\/IMG_3112.jpg 600w, http:\/\/cuddly-toy-robbers.de\/wp-content\/uploads\/2021\/04\/IMG_3112-300x200.jpg 300w\" sizes=\"auto, (max-width: 600px) 100vw, 600px\" \/><\/figure>\n\n\n\n<figure class=\"wp-block-image size-large\"><img loading=\"lazy\" decoding=\"async\" width=\"600\" height=\"359\" data-id=\"9244\" src=\"http:\/\/cuddly-toy-robbers.de\/wp-content\/uploads\/2021\/04\/20200810_182332.jpg\" alt=\"\" class=\"wp-image-9244\" srcset=\"http:\/\/cuddly-toy-robbers.de\/wp-content\/uploads\/2021\/04\/20200810_182332.jpg 600w, http:\/\/cuddly-toy-robbers.de\/wp-content\/uploads\/2021\/04\/20200810_182332-300x180.jpg 300w\" sizes=\"auto, (max-width: 600px) 100vw, 600px\" \/><\/figure>\n\n\n\n<figure class=\"wp-block-image size-large\"><img loading=\"lazy\" decoding=\"async\" width=\"600\" height=\"402\" data-id=\"9243\" src=\"http:\/\/cuddly-toy-robbers.de\/wp-content\/uploads\/2021\/04\/20200304_072719_001.jpg\" alt=\"\" class=\"wp-image-9243\" srcset=\"http:\/\/cuddly-toy-robbers.de\/wp-content\/uploads\/2021\/04\/20200304_072719_001.jpg 600w, http:\/\/cuddly-toy-robbers.de\/wp-content\/uploads\/2021\/04\/20200304_072719_001-300x201.jpg 300w\" sizes=\"auto, (max-width: 600px) 100vw, 600px\" \/><\/figure>\n\n\n\n<figure class=\"wp-block-image size-large\"><img loading=\"lazy\" decoding=\"async\" width=\"600\" height=\"450\" data-id=\"9242\" src=\"http:\/\/cuddly-toy-robbers.de\/wp-content\/uploads\/2021\/04\/20200107_162036.jpg\" alt=\"\" class=\"wp-image-9242\" srcset=\"http:\/\/cuddly-toy-robbers.de\/wp-content\/uploads\/2021\/04\/20200107_162036.jpg 600w, http:\/\/cuddly-toy-robbers.de\/wp-content\/uploads\/2021\/04\/20200107_162036-300x225.jpg 300w\" sizes=\"auto, (max-width: 600px) 100vw, 600px\" \/><\/figure>\n<\/figure>\n","protected":false},"excerpt":{"rendered":"<p>Whirlwind Rudy of Cuddly-Toy Robbers &#8222;Rudy&#8220; * 29.09.2019 \u00dcber Rudy: Unsere Rudy R\u00fcssel und ja, es ist ein M\u00e4del, weiss alles und will alles wissen. Der gro\u00dfe Onkel James hilft nat\u00fcrlich wo er nur kann. \ud83d\ude09 Aber sie kann auch &hellip; <a href=\"http:\/\/cuddly-toy-robbers.de\/?page_id=9212\">Weiterlesen <span class=\"meta-nav\">&rarr;<\/span><\/a><\/p>\n","protected":false},"author":2,"featured_media":0,"parent":320,"menu_order":6,"comment_status":"closed","ping_status":"closed","template":"","meta":{"footnotes":""},"class_list":["post-9212","page","type-page","status-publish","hentry"],"_links":{"self":[{"href":"http:\/\/cuddly-toy-robbers.de\/index.php?rest_route=\/wp\/v2\/pages\/9212","targetHints":{"allow":["GET"]}}],"collection":[{"href":"http:\/\/cuddly-toy-robbers.de\/index.php?rest_route=\/wp\/v2\/pages"}],"about":[{"href":"http:\/\/cuddly-toy-robbers.de\/index.php?rest_route=\/wp\/v2\/types\/page"}],"author":[{"embeddable":true,"href":"http:\/\/cuddly-toy-robbers.de\/index.php?rest_route=\/wp\/v2\/users\/2"}],"replies":[{"embeddable":true,"href":"http:\/\/cuddly-toy-robbers.de\/index.php?rest_route=%2Fwp%2Fv2%2Fcomments&post=9212"}],"version-history":[{"count":17,"href":"http:\/\/cuddly-toy-robbers.de\/index.php?rest_route=\/wp\/v2\/pages\/9212\/revisions"}],"predecessor-version":[{"id":10730,"href":"http:\/\/cuddly-toy-robbers.de\/index.php?rest_route=\/wp\/v2\/pages\/9212\/revisions\/10730"}],"up":[{"embeddable":true,"href":"http:\/\/cuddly-toy-robbers.de\/index.php?rest_route=\/wp\/v2\/pages\/320"}],"wp:attachment":[{"href":"http:\/\/cuddly-toy-robbers.de\/index.php?rest_route=%2Fwp%2Fv2%2Fmedia&parent=9212"}],"curies":[{"name":"wp","href":"https:\/\/api.w.org\/{rel}","templated":true}]}}