{"id":9910,"date":"2022-05-29T09:50:44","date_gmt":"2022-05-29T09:50:44","guid":{"rendered":"http:\/\/cuddly-toy-robbers.de\/?page_id=9910"},"modified":"2025-06-14T03:55:05","modified_gmt":"2025-06-14T03:55:05","slug":"paige","status":"publish","type":"page","link":"http:\/\/cuddly-toy-robbers.de\/?page_id=9910","title":{"rendered":"Paige"},"content":{"rendered":"\n<p class=\"has-text-align-center has-medium-font-size\"><em><strong>Zirkon pink, Paige of Cuddly-Toy Robbers<\/strong><\/em><\/p>\n\n\n\n<p class=\"has-text-align-center\"><em><strong>&#8222;Paige&#8220;<\/strong><\/em><\/p>\n\n\n\n<p class=\"has-text-align-center\"><em><strong>*26.09.2021<\/strong><\/em><\/p>\n\n\n<div class=\"wp-block-image\">\n<figure class=\"aligncenter size-full\"><img loading=\"lazy\" decoding=\"async\" width=\"600\" height=\"413\" src=\"http:\/\/cuddly-toy-robbers.de\/wp-content\/uploads\/2023\/02\/grafik.png\" alt=\"\" class=\"wp-image-10128\" srcset=\"http:\/\/cuddly-toy-robbers.de\/wp-content\/uploads\/2023\/02\/grafik.png 600w, http:\/\/cuddly-toy-robbers.de\/wp-content\/uploads\/2023\/02\/grafik-300x207.png 300w\" sizes=\"auto, (max-width: 600px) 100vw, 600px\" \/><\/figure>\n<\/div>\n\n\n<p class=\"has-text-align-center has-medium-font-size\"><em><strong>\u00dcber Paige:<\/strong><\/em><\/p>\n\n\n\n<p class=\"has-text-align-center\"><em>Diesen Hund h\u00e4lt nichts auf. Weder Gitter noch T\u00fcren. Sie will und ist immer mittendrin im Geschehen. Steckt da nicht ein bisschen Abby drin?<\/em><\/p>\n\n\n\n<p class=\"has-text-align-center has-medium-font-size\"><em><strong>Paige&#8217;s Daten<\/strong><\/em>:<\/p>\n\n\n\n<p class=\"has-text-align-center\"><em>Zuchtzulassung am: 03.04.2024<\/em><\/p>\n\n\n\n<p class=\"has-text-align-center\"><em>HD: A1 \/ A1<\/em><\/p>\n\n\n\n<p class=\"has-text-align-center\"><em>ED: frei \/ frei<\/em><\/p>\n\n\n\n<p class=\"has-text-align-center\"><em>Augen<\/em> frei am: 19.03.2024<\/p>\n\n\n\n<p class=\"has-text-align-center\"><em>GR_PRA 1 frei und GR_PRA 2 frei, prcd-PRA frei<\/em><\/p>\n\n\n\n<p class=\"has-text-align-center\"><em>NCL5-Gentest:frei<\/em><\/p>\n\n\n\n<p class=\"has-text-align-center has-medium-font-size\"><strong>Pr\u00fcfungen:<\/strong><\/p>\n\n\n\n<p class=\"has-text-align-center\"><em><strong>Wesenstest bestanden am 12.11.2023<\/strong><\/em><\/p>\n\n\n\n<p class=\"has-text-align-center\"><em>Beurteilung: Die 2 Jahre und 2 Monate alte H\u00fcndin spielt gerne mit ihrer Besitzerin. Sie sucht und tr\u00e4gt mit gro\u00dfer Motivation. Menschen gegen\u00fcber zeigt sie sich zur\u00fcckhaltend.<\/em><\/p>\n\n\n\n<p class=\"has-text-align-center\"><em>Richter Bernd Gr\u00fcnefeld<\/em><\/p>\n\n\n\n<p class=\"has-text-align-center\"><em><strong>Formwert: vorz\u00fcglich<\/strong><\/em><\/p>\n\n\n\n<p class=\"has-text-align-center\"><em>Feminine H\u00fcndin, korrekte Gr\u00f6\u00dfe, typischer Kopf, korrekt eingesetztes dunkles Auge mit dunklen Lidr\u00e4ndern, korrekte Beh\u00e4nge, kr\u00e4ftiger Hals, breite Brust, gerade obere Linie, vorz\u00fcglich angesetzte u. getragene Rute, kr\u00e4ftige L\u00e4ufe, kraftvolles Gangwerk, zur\u00fcckhaltendes Wesen.<\/em><\/p>\n\n\n\n<p class=\"has-text-align-center\"><em>Richter Eric Fehrs<\/em><\/p>\n\n\n\n<p class=\"has-text-align-center\"><em><strong>BHP\/DRC bestanden am 08.10.2023<\/strong><\/em><\/p>\n\n\n<div class=\"wp-block-image\">\n<figure class=\"aligncenter size-medium\"><img loading=\"lazy\" decoding=\"async\" width=\"300\" height=\"235\" src=\"http:\/\/cuddly-toy-robbers.de\/wp-content\/uploads\/2023\/10\/IMG-20231008-WA0000-300x235.jpg\" alt=\"\" class=\"wp-image-10276\" srcset=\"http:\/\/cuddly-toy-robbers.de\/wp-content\/uploads\/2023\/10\/IMG-20231008-WA0000-300x235.jpg 300w, http:\/\/cuddly-toy-robbers.de\/wp-content\/uploads\/2023\/10\/IMG-20231008-WA0000.jpg 600w\" sizes=\"auto, (max-width: 300px) 100vw, 300px\" \/><\/figure>\n<\/div>\n\n\n<p class=\"has-text-align-center\"><em><strong>BH\/VT bestanden am 30.09.2023<\/strong><\/em><\/p>\n\n\n\n<p class=\"has-text-align-center\"><em><a href=\"https:\/\/www.k9data.com\/pedigree.asp?ID=1259973\" target=\"_blank\" rel=\"noreferrer noopener\">Pedigree Paige<\/a><\/em><\/p>\n\n\n\n<figure class=\"wp-block-gallery has-nested-images columns-default is-cropped wp-block-gallery-1 is-layout-flex wp-block-gallery-is-layout-flex\">\n<figure class=\"wp-block-image size-large\"><img loading=\"lazy\" decoding=\"async\" width=\"600\" height=\"400\" data-id=\"9948\" src=\"http:\/\/cuddly-toy-robbers.de\/wp-content\/uploads\/2022\/06\/IMG_4127.jpg\" alt=\"\" class=\"wp-image-9948\" srcset=\"http:\/\/cuddly-toy-robbers.de\/wp-content\/uploads\/2022\/06\/IMG_4127.jpg 600w, http:\/\/cuddly-toy-robbers.de\/wp-content\/uploads\/2022\/06\/IMG_4127-300x200.jpg 300w\" sizes=\"auto, (max-width: 600px) 100vw, 600px\" \/><\/figure>\n\n\n\n<figure class=\"wp-block-image size-large\"><img loading=\"lazy\" decoding=\"async\" width=\"600\" height=\"400\" data-id=\"9945\" src=\"http:\/\/cuddly-toy-robbers.de\/wp-content\/uploads\/2022\/06\/IMG_4148.jpg\" alt=\"\" class=\"wp-image-9945\" srcset=\"http:\/\/cuddly-toy-robbers.de\/wp-content\/uploads\/2022\/06\/IMG_4148.jpg 600w, http:\/\/cuddly-toy-robbers.de\/wp-content\/uploads\/2022\/06\/IMG_4148-300x200.jpg 300w\" sizes=\"auto, (max-width: 600px) 100vw, 600px\" \/><\/figure>\n\n\n\n<figure class=\"wp-block-image size-full\"><img loading=\"lazy\" decoding=\"async\" width=\"600\" height=\"400\" data-id=\"9947\" src=\"http:\/\/cuddly-toy-robbers.de\/wp-content\/uploads\/2022\/06\/IMG_4151.jpg\" alt=\"\" class=\"wp-image-9947\" srcset=\"http:\/\/cuddly-toy-robbers.de\/wp-content\/uploads\/2022\/06\/IMG_4151.jpg 600w, http:\/\/cuddly-toy-robbers.de\/wp-content\/uploads\/2022\/06\/IMG_4151-300x200.jpg 300w\" sizes=\"auto, (max-width: 600px) 100vw, 600px\" \/><\/figure>\n\n\n\n<figure class=\"wp-block-image size-full\"><img loading=\"lazy\" decoding=\"async\" width=\"600\" height=\"400\" data-id=\"9946\" src=\"http:\/\/cuddly-toy-robbers.de\/wp-content\/uploads\/2022\/06\/IMG_4109.jpg\" alt=\"\" class=\"wp-image-9946\" srcset=\"http:\/\/cuddly-toy-robbers.de\/wp-content\/uploads\/2022\/06\/IMG_4109.jpg 600w, http:\/\/cuddly-toy-robbers.de\/wp-content\/uploads\/2022\/06\/IMG_4109-300x200.jpg 300w\" sizes=\"auto, (max-width: 600px) 100vw, 600px\" \/><\/figure>\n\n\n\n<figure class=\"wp-block-image size-full\"><img loading=\"lazy\" decoding=\"async\" width=\"600\" height=\"413\" data-id=\"9949\" src=\"http:\/\/cuddly-toy-robbers.de\/wp-content\/uploads\/2022\/06\/IMG_4110.jpg\" alt=\"\" class=\"wp-image-9949\" srcset=\"http:\/\/cuddly-toy-robbers.de\/wp-content\/uploads\/2022\/06\/IMG_4110.jpg 600w, http:\/\/cuddly-toy-robbers.de\/wp-content\/uploads\/2022\/06\/IMG_4110-300x207.jpg 300w\" sizes=\"auto, (max-width: 600px) 100vw, 600px\" \/><\/figure>\n<figcaption class=\"blocks-gallery-caption wp-element-caption\">Paige im Mai 2022<\/figcaption><\/figure>\n\n\n\n<figure class=\"wp-block-gallery has-nested-images columns-default is-cropped aligncenter wp-block-gallery-2 is-layout-flex wp-block-gallery-is-layout-flex\">\n<figure class=\"wp-block-image size-large\"><img loading=\"lazy\" decoding=\"async\" width=\"600\" height=\"479\" data-id=\"9915\" src=\"http:\/\/cuddly-toy-robbers.de\/wp-content\/uploads\/2022\/05\/20220123_115145-1.jpg\" alt=\"\" class=\"wp-image-9915\" srcset=\"http:\/\/cuddly-toy-robbers.de\/wp-content\/uploads\/2022\/05\/20220123_115145-1.jpg 600w, http:\/\/cuddly-toy-robbers.de\/wp-content\/uploads\/2022\/05\/20220123_115145-1-300x240.jpg 300w\" sizes=\"auto, (max-width: 600px) 100vw, 600px\" \/><\/figure>\n\n\n\n<figure class=\"wp-block-image size-large\"><img loading=\"lazy\" decoding=\"async\" width=\"465\" height=\"600\" data-id=\"9914\" src=\"http:\/\/cuddly-toy-robbers.de\/wp-content\/uploads\/2022\/05\/20211224_215044-1.jpg\" alt=\"\" class=\"wp-image-9914\" srcset=\"http:\/\/cuddly-toy-robbers.de\/wp-content\/uploads\/2022\/05\/20211224_215044-1.jpg 465w, http:\/\/cuddly-toy-robbers.de\/wp-content\/uploads\/2022\/05\/20211224_215044-1-233x300.jpg 233w\" sizes=\"auto, (max-width: 465px) 100vw, 465px\" \/><\/figure>\n<figcaption class=\"blocks-gallery-caption wp-element-caption\"><em>Paige im Winter 2021<\/em><\/figcaption><\/figure>\n\n\n<div class=\"wp-block-image\">\n<figure class=\"aligncenter size-full\"><img loading=\"lazy\" decoding=\"async\" width=\"600\" height=\"400\" src=\"http:\/\/cuddly-toy-robbers.de\/wp-content\/uploads\/2022\/05\/IMG_3851.jpg\" alt=\"\" class=\"wp-image-9913\" srcset=\"http:\/\/cuddly-toy-robbers.de\/wp-content\/uploads\/2022\/05\/IMG_3851.jpg 600w, http:\/\/cuddly-toy-robbers.de\/wp-content\/uploads\/2022\/05\/IMG_3851-300x200.jpg 300w\" sizes=\"auto, (max-width: 600px) 100vw, 600px\" \/><figcaption class=\"wp-element-caption\"><em>Paige mit 8 Wochen<\/em><\/figcaption><\/figure>\n<\/div>","protected":false},"excerpt":{"rendered":"<p>Zirkon pink, Paige of Cuddly-Toy Robbers &#8222;Paige&#8220; *26.09.2021 \u00dcber Paige: Diesen Hund h\u00e4lt nichts auf. Weder Gitter noch T\u00fcren. Sie will und ist immer mittendrin im Geschehen. Steckt da nicht ein bisschen Abby drin? Paige&#8217;s Daten: Zuchtzulassung am: 03.04.2024 HD: &hellip; <a href=\"http:\/\/cuddly-toy-robbers.de\/?page_id=9910\">Weiterlesen <span class=\"meta-nav\">&rarr;<\/span><\/a><\/p>\n","protected":false},"author":2,"featured_media":0,"parent":320,"menu_order":4,"comment_status":"closed","ping_status":"closed","template":"","meta":{"footnotes":""},"class_list":["post-9910","page","type-page","status-publish","hentry"],"_links":{"self":[{"href":"http:\/\/cuddly-toy-robbers.de\/index.php?rest_route=\/wp\/v2\/pages\/9910","targetHints":{"allow":["GET"]}}],"collection":[{"href":"http:\/\/cuddly-toy-robbers.de\/index.php?rest_route=\/wp\/v2\/pages"}],"about":[{"href":"http:\/\/cuddly-toy-robbers.de\/index.php?rest_route=\/wp\/v2\/types\/page"}],"author":[{"embeddable":true,"href":"http:\/\/cuddly-toy-robbers.de\/index.php?rest_route=\/wp\/v2\/users\/2"}],"replies":[{"embeddable":true,"href":"http:\/\/cuddly-toy-robbers.de\/index.php?rest_route=%2Fwp%2Fv2%2Fcomments&post=9910"}],"version-history":[{"count":16,"href":"http:\/\/cuddly-toy-robbers.de\/index.php?rest_route=\/wp\/v2\/pages\/9910\/revisions"}],"predecessor-version":[{"id":10568,"href":"http:\/\/cuddly-toy-robbers.de\/index.php?rest_route=\/wp\/v2\/pages\/9910\/revisions\/10568"}],"up":[{"embeddable":true,"href":"http:\/\/cuddly-toy-robbers.de\/index.php?rest_route=\/wp\/v2\/pages\/320"}],"wp:attachment":[{"href":"http:\/\/cuddly-toy-robbers.de\/index.php?rest_route=%2Fwp%2Fv2%2Fmedia&parent=9910"}],"curies":[{"name":"wp","href":"https:\/\/api.w.org\/{rel}","templated":true}]}}